{"id":99,"date":"2020-07-09T09:47:13","date_gmt":"2020-07-09T06:47:13","guid":{"rendered":"https:\/\/atpsova.com\/\/?page_id=99"},"modified":"2020-08-07T12:52:25","modified_gmt":"2020-08-07T09:52:25","slug":"vizova-pidtrymka-ta-bronyuvannya-goteliv","status":"publish","type":"page","link":"https:\/\/atpsova.com\/it\/services\/vizova-pidtrymka-ta-bronyuvannya-goteliv\/","title":{"rendered":"Assistenza per visti e prenotazioni alberghiere"},"content":{"rendered":"<p><\/p>\n<p>[vc_row][vc_column width=&#8221;1\/2&#8243;][vc_single_image image=&#8221;237&#8243; img_size=&#8221;large&#8221; style=&#8221;vc_box_shadow_3d&#8221; onclick=&#8221;link_image&#8221;][\/vc_column][vc_column width=&#8221;1\/2&#8243;][vc_column_text]Se viaggi all&#8217;estero e non hai tempo per cercare informazioni sul visto, nessun problema. ATP Sova ti aiuter\u00e0 a preparare tutti i documenti necessari per ottenere un visto. Questo processo ha molte sfumature, quindi i nostri specialisti sono esperti nei tipi di visti, concordano le date tra i documenti e il percorso logistico. Ti aiuteremo a calcolare correttamente la data di richiesta del visto, ad avere il tempo di ritirare un pacco di documenti per il consolato e di andare all&#8217;estero il prima possibile. ATP Sova opera da 10 anni, quindi il nostro personale \u00e8 esperto in materia di visti.<\/p>\n<p>Cerchiamo di rendere il tuo viaggio il pi\u00f9 piacevole possibile, cos\u00ec non devi pi\u00f9 preoccuparti non solo del pacco dei documenti, ma anche dell&#8217;hotel! L&#8217;esperienza pluriennale in questo campo garantisce solo gli hotel pi\u00f9 confortevoli a prezzi convenienti. Il grande vantaggio della nostra azienda \u00e8 che non \u00e8 necessario pagare l&#8217;hotel in anticipo. Ci sono situazioni in cui la prenotazione \u00e8 richiesta solo per ottenere determinati tipi di visto e il cliente non prevede di trascorrere la notte in hotel. In questi casi, non si perde denaro per l&#8217;hotel. E se hai ancora intenzione di pernottare, puoi pagare la camera direttamente sul posto.[\/vc_column_text][\/vc_column][\/vc_row][vc_row][vc_column]<ul class=\"vc__list-icons\"><li>\n\t\t\t\t<div class=\"vc__list-icons-img\"><img decoding=\"async\" src=\"https:\/\/atpsova.com\/wp-content\/uploads\/2020\/07\/info-3.svg\" alt=\"\"><\/div>\n\t\t\t\t<div class=\"vc__list-icons-info\">\n\t\t\t\t\t<h4><\/h4>\n\t\t\t\t\t<p><strong>Contatta subito ATP Sova e ottieni una consulenza competente dai nostri specialisti che sono informati in materia di visti e hanno una vasta esperienza. Siamo sempre felici delle tue chiamate e lavoriamo per il tuo comfort.<\/strong><\/p>\n\t\t\t\t<\/div>\n\t\t\t<\/li><\/ul>[\/vc_column][\/vc_row]<\/p>\n<p><\/p>","protected":false},"excerpt":{"rendered":"<p>[vc_row][vc_column width=&#8221;1\/2&#8243;][vc_single_image image=&#8221;237&#8243; img_size=&#8221;large&#8221; style=&#8221;vc_box_shadow_3d&#8221; onclick=&#8221;link_image&#8221;][\/vc_column][vc_column width=&#8221;1\/2&#8243;][vc_column_text]Se viaggi all&#8217;estero e non hai tempo per cercare informazioni sul visto, nessun problema. ATP Sova ti aiuter\u00e0 a preparare tutti i documenti necessari per ottenere un visto. Questo processo ha molte sfumature, quindi i nostri specialisti sono esperti nei tipi di visti, concordano le date tra i documenti [&hellip;]<\/p>\n","protected":false},"author":1,"featured_media":0,"parent":29,"menu_order":0,"comment_status":"closed","ping_status":"closed","template":"","meta":{"_acf_changed":false,"inline_featured_image":false,"footnotes":""},"class_list":["post-99","page","type-page","status-publish","hentry"],"acf":[],"yoast_head":"<!-- This site is optimized with the Yoast SEO plugin v27.5 - https:\/\/yoast.com\/product\/yoast-seo-wordpress\/ -->\n<title>Assistenza per visti e prenotazioni alberghiere - \u041f\u0430\u0441\u0430\u0436\u0438\u0440\u0441\u044c\u043a\u0456 \u043f\u0435\u0440\u0435\u0432\u0435\u0437\u0435\u043d\u043d\u044f<\/title>\n<meta name=\"robots\" content=\"index, follow, max-snippet:-1, max-image-preview:large, max-video-preview:-1\" \/>\n<link rel=\"canonical\" href=\"https:\/\/atpsova.com\/it\/services\/vizova-pidtrymka-ta-bronyuvannya-goteliv\/\" \/>\n<meta property=\"og:locale\" content=\"it_IT\" \/>\n<meta property=\"og:type\" content=\"article\" \/>\n<meta property=\"og:title\" content=\"Assistenza per visti e prenotazioni alberghiere - \u041f\u0430\u0441\u0430\u0436\u0438\u0440\u0441\u044c\u043a\u0456 \u043f\u0435\u0440\u0435\u0432\u0435\u0437\u0435\u043d\u043d\u044f\" \/>\n<meta property=\"og:description\" content=\"[vc_row][vc_column width=&#8221;1\/2&#8243;][vc_single_image image=&#8221;237&#8243; img_size=&#8221;large&#8221; style=&#8221;vc_box_shadow_3d&#8221; onclick=&#8221;link_image&#8221;][\/vc_column][vc_column width=&#8221;1\/2&#8243;][vc_column_text]Se viaggi all&#8217;estero e non hai tempo per cercare informazioni sul visto, nessun problema. ATP Sova ti aiuter\u00e0 a preparare tutti i documenti necessari per ottenere un visto. Questo processo ha molte sfumature, quindi i nostri specialisti sono esperti nei tipi di visti, concordano le date tra i documenti [&hellip;]\" \/>\n<meta property=\"og:url\" content=\"https:\/\/atpsova.com\/it\/services\/vizova-pidtrymka-ta-bronyuvannya-goteliv\/\" \/>\n<meta property=\"og:site_name\" content=\"\u041f\u0430\u0441\u0430\u0436\u0438\u0440\u0441\u044c\u043a\u0456 \u043f\u0435\u0440\u0435\u0432\u0435\u0437\u0435\u043d\u043d\u044f\" \/>\n<meta property=\"article:modified_time\" content=\"2020-08-07T09:52:25+00:00\" \/>\n<meta name=\"twitter:card\" content=\"summary_large_image\" \/>\n<meta name=\"twitter:label1\" content=\"Tempo di lettura stimato\" \/>\n\t<meta name=\"twitter:data1\" content=\"5 minuti\" \/>\n<script type=\"application\/ld+json\" class=\"yoast-schema-graph\">{\"@context\":\"https:\\\/\\\/schema.org\",\"@graph\":[{\"@type\":\"WebPage\",\"@id\":\"https:\\\/\\\/atpsova.com\\\/it\\\/services\\\/vizova-pidtrymka-ta-bronyuvannya-goteliv\\\/\",\"url\":\"https:\\\/\\\/atpsova.com\\\/it\\\/services\\\/vizova-pidtrymka-ta-bronyuvannya-goteliv\\\/\",\"name\":\"Assistenza per visti e prenotazioni alberghiere - \u041f\u0430\u0441\u0430\u0436\u0438\u0440\u0441\u044c\u043a\u0456 \u043f\u0435\u0440\u0435\u0432\u0435\u0437\u0435\u043d\u043d\u044f\",\"isPartOf\":{\"@id\":\"https:\\\/\\\/atpsova.com\\\/#website\"},\"datePublished\":\"2020-07-09T06:47:13+00:00\",\"dateModified\":\"2020-08-07T09:52:25+00:00\",\"breadcrumb\":{\"@id\":\"https:\\\/\\\/atpsova.com\\\/it\\\/services\\\/vizova-pidtrymka-ta-bronyuvannya-goteliv\\\/#breadcrumb\"},\"inLanguage\":\"it-IT\",\"potentialAction\":[{\"@type\":\"ReadAction\",\"target\":[\"https:\\\/\\\/atpsova.com\\\/it\\\/services\\\/vizova-pidtrymka-ta-bronyuvannya-goteliv\\\/\"]}]},{\"@type\":\"BreadcrumbList\",\"@id\":\"https:\\\/\\\/atpsova.com\\\/it\\\/services\\\/vizova-pidtrymka-ta-bronyuvannya-goteliv\\\/#breadcrumb\",\"itemListElement\":[{\"@type\":\"ListItem\",\"position\":1,\"name\":\"\u0413\u043e\u043b\u043e\u0432\u043d\u0430 \u0421\u0442\u043e\u0440\u0456\u043d\u043a\u0430\",\"item\":\"https:\\\/\\\/atpsova.com\\\/\"},{\"@type\":\"ListItem\",\"position\":2,\"name\":\"Servizi\",\"item\":\"https:\\\/\\\/atpsova.com\\\/it\\\/services\\\/\"},{\"@type\":\"ListItem\",\"position\":3,\"name\":\"Assistenza per visti e prenotazioni alberghiere\"}]},{\"@type\":\"WebSite\",\"@id\":\"https:\\\/\\\/atpsova.com\\\/#website\",\"url\":\"https:\\\/\\\/atpsova.com\\\/\",\"name\":\"\u041f\u0430\u0441\u0430\u0436\u0438\u0440\u0441\u044c\u043a\u0456 \u043f\u0435\u0440\u0435\u0432\u0435\u0437\u0435\u043d\u043d\u044f\",\"description\":\"\u043a\u0443\u043f\u0438\u0442\u0438 \u043a\u0432\u0438\u0442\u043a\u0438\",\"publisher\":{\"@id\":\"https:\\\/\\\/atpsova.com\\\/#organization\"},\"potentialAction\":[{\"@type\":\"SearchAction\",\"target\":{\"@type\":\"EntryPoint\",\"urlTemplate\":\"https:\\\/\\\/atpsova.com\\\/?s={search_term_string}\"},\"query-input\":{\"@type\":\"PropertyValueSpecification\",\"valueRequired\":true,\"valueName\":\"search_term_string\"}}],\"inLanguage\":\"it-IT\"},{\"@type\":\"Organization\",\"@id\":\"https:\\\/\\\/atpsova.com\\\/#organization\",\"name\":\"\u041f\u0430\u0441\u0430\u0436\u0438\u0440\u0441\u044c\u043a\u0456 \u043f\u0435\u0440\u0435\u0432\u0435\u0437\u0435\u043d\u043d\u044f\",\"url\":\"https:\\\/\\\/atpsova.com\\\/\",\"logo\":{\"@type\":\"ImageObject\",\"inLanguage\":\"it-IT\",\"@id\":\"https:\\\/\\\/atpsova.com\\\/#\\\/schema\\\/logo\\\/image\\\/\",\"url\":\"https:\\\/\\\/atpsova.com\\\/wp-content\\\/uploads\\\/2020\\\/07\\\/logo-2.svg\",\"contentUrl\":\"https:\\\/\\\/atpsova.com\\\/wp-content\\\/uploads\\\/2020\\\/07\\\/logo-2.svg\",\"width\":98,\"height\":32,\"caption\":\"\u041f\u0430\u0441\u0430\u0436\u0438\u0440\u0441\u044c\u043a\u0456 \u043f\u0435\u0440\u0435\u0432\u0435\u0437\u0435\u043d\u043d\u044f\"},\"image\":{\"@id\":\"https:\\\/\\\/atpsova.com\\\/#\\\/schema\\\/logo\\\/image\\\/\"}}]}<\/script>\n<!-- \/ Yoast SEO plugin. -->","yoast_head_json":{"title":"Assistenza per visti e prenotazioni alberghiere - \u041f\u0430\u0441\u0430\u0436\u0438\u0440\u0441\u044c\u043a\u0456 \u043f\u0435\u0440\u0435\u0432\u0435\u0437\u0435\u043d\u043d\u044f","robots":{"index":"index","follow":"follow","max-snippet":"max-snippet:-1","max-image-preview":"max-image-preview:large","max-video-preview":"max-video-preview:-1"},"canonical":"https:\/\/atpsova.com\/it\/services\/vizova-pidtrymka-ta-bronyuvannya-goteliv\/","og_locale":"it_IT","og_type":"article","og_title":"Assistenza per visti e prenotazioni alberghiere - \u041f\u0430\u0441\u0430\u0436\u0438\u0440\u0441\u044c\u043a\u0456 \u043f\u0435\u0440\u0435\u0432\u0435\u0437\u0435\u043d\u043d\u044f","og_description":"[vc_row][vc_column width=&#8221;1\/2&#8243;][vc_single_image image=&#8221;237&#8243; img_size=&#8221;large&#8221; style=&#8221;vc_box_shadow_3d&#8221; onclick=&#8221;link_image&#8221;][\/vc_column][vc_column width=&#8221;1\/2&#8243;][vc_column_text]Se viaggi all&#8217;estero e non hai tempo per cercare informazioni sul visto, nessun problema. ATP Sova ti aiuter\u00e0 a preparare tutti i documenti necessari per ottenere un visto. Questo processo ha molte sfumature, quindi i nostri specialisti sono esperti nei tipi di visti, concordano le date tra i documenti [&hellip;]","og_url":"https:\/\/atpsova.com\/it\/services\/vizova-pidtrymka-ta-bronyuvannya-goteliv\/","og_site_name":"\u041f\u0430\u0441\u0430\u0436\u0438\u0440\u0441\u044c\u043a\u0456 \u043f\u0435\u0440\u0435\u0432\u0435\u0437\u0435\u043d\u043d\u044f","article_modified_time":"2020-08-07T09:52:25+00:00","twitter_card":"summary_large_image","twitter_misc":{"Tempo di lettura stimato":"5 minuti"},"schema":{"@context":"https:\/\/schema.org","@graph":[{"@type":"WebPage","@id":"https:\/\/atpsova.com\/it\/services\/vizova-pidtrymka-ta-bronyuvannya-goteliv\/","url":"https:\/\/atpsova.com\/it\/services\/vizova-pidtrymka-ta-bronyuvannya-goteliv\/","name":"Assistenza per visti e prenotazioni alberghiere - \u041f\u0430\u0441\u0430\u0436\u0438\u0440\u0441\u044c\u043a\u0456 \u043f\u0435\u0440\u0435\u0432\u0435\u0437\u0435\u043d\u043d\u044f","isPartOf":{"@id":"https:\/\/atpsova.com\/#website"},"datePublished":"2020-07-09T06:47:13+00:00","dateModified":"2020-08-07T09:52:25+00:00","breadcrumb":{"@id":"https:\/\/atpsova.com\/it\/services\/vizova-pidtrymka-ta-bronyuvannya-goteliv\/#breadcrumb"},"inLanguage":"it-IT","potentialAction":[{"@type":"ReadAction","target":["https:\/\/atpsova.com\/it\/services\/vizova-pidtrymka-ta-bronyuvannya-goteliv\/"]}]},{"@type":"BreadcrumbList","@id":"https:\/\/atpsova.com\/it\/services\/vizova-pidtrymka-ta-bronyuvannya-goteliv\/#breadcrumb","itemListElement":[{"@type":"ListItem","position":1,"name":"\u0413\u043e\u043b\u043e\u0432\u043d\u0430 \u0421\u0442\u043e\u0440\u0456\u043d\u043a\u0430","item":"https:\/\/atpsova.com\/"},{"@type":"ListItem","position":2,"name":"Servizi","item":"https:\/\/atpsova.com\/it\/services\/"},{"@type":"ListItem","position":3,"name":"Assistenza per visti e prenotazioni alberghiere"}]},{"@type":"WebSite","@id":"https:\/\/atpsova.com\/#website","url":"https:\/\/atpsova.com\/","name":"\u041f\u0430\u0441\u0430\u0436\u0438\u0440\u0441\u044c\u043a\u0456 \u043f\u0435\u0440\u0435\u0432\u0435\u0437\u0435\u043d\u043d\u044f","description":"\u043a\u0443\u043f\u0438\u0442\u0438 \u043a\u0432\u0438\u0442\u043a\u0438","publisher":{"@id":"https:\/\/atpsova.com\/#organization"},"potentialAction":[{"@type":"SearchAction","target":{"@type":"EntryPoint","urlTemplate":"https:\/\/atpsova.com\/?s={search_term_string}"},"query-input":{"@type":"PropertyValueSpecification","valueRequired":true,"valueName":"search_term_string"}}],"inLanguage":"it-IT"},{"@type":"Organization","@id":"https:\/\/atpsova.com\/#organization","name":"\u041f\u0430\u0441\u0430\u0436\u0438\u0440\u0441\u044c\u043a\u0456 \u043f\u0435\u0440\u0435\u0432\u0435\u0437\u0435\u043d\u043d\u044f","url":"https:\/\/atpsova.com\/","logo":{"@type":"ImageObject","inLanguage":"it-IT","@id":"https:\/\/atpsova.com\/#\/schema\/logo\/image\/","url":"https:\/\/atpsova.com\/wp-content\/uploads\/2020\/07\/logo-2.svg","contentUrl":"https:\/\/atpsova.com\/wp-content\/uploads\/2020\/07\/logo-2.svg","width":98,"height":32,"caption":"\u041f\u0430\u0441\u0430\u0436\u0438\u0440\u0441\u044c\u043a\u0456 \u043f\u0435\u0440\u0435\u0432\u0435\u0437\u0435\u043d\u043d\u044f"},"image":{"@id":"https:\/\/atpsova.com\/#\/schema\/logo\/image\/"}}]}},"_links":{"self":[{"href":"https:\/\/atpsova.com\/it\/wp-json\/wp\/v2\/pages\/99","targetHints":{"allow":["GET"]}}],"collection":[{"href":"https:\/\/atpsova.com\/it\/wp-json\/wp\/v2\/pages"}],"about":[{"href":"https:\/\/atpsova.com\/it\/wp-json\/wp\/v2\/types\/page"}],"author":[{"embeddable":true,"href":"https:\/\/atpsova.com\/it\/wp-json\/wp\/v2\/users\/1"}],"replies":[{"embeddable":true,"href":"https:\/\/atpsova.com\/it\/wp-json\/wp\/v2\/comments?post=99"}],"version-history":[{"count":8,"href":"https:\/\/atpsova.com\/it\/wp-json\/wp\/v2\/pages\/99\/revisions"}],"predecessor-version":[{"id":328,"href":"https:\/\/atpsova.com\/it\/wp-json\/wp\/v2\/pages\/99\/revisions\/328"}],"up":[{"embeddable":true,"href":"https:\/\/atpsova.com\/it\/wp-json\/wp\/v2\/pages\/29"}],"wp:attachment":[{"href":"https:\/\/atpsova.com\/it\/wp-json\/wp\/v2\/media?parent=99"}],"curies":[{"name":"wp","href":"https:\/\/api.w.org\/{rel}","templated":true}]}}