{"id":91,"date":"2020-07-09T09:44:38","date_gmt":"2020-07-09T06:44:38","guid":{"rendered":"https:\/\/atpsova.com\/\/?page_id=91"},"modified":"2020-08-07T12:48:45","modified_gmt":"2020-08-07T09:48:45","slug":"pasazhyrski-perevezennya-po-ukrayini","status":"publish","type":"page","link":"https:\/\/atpsova.com\/it\/services\/pasazhyrski-perevezennya-po-ukrayini\/","title":{"rendered":"Traffico passeggeri in Ucraina"},"content":{"rendered":"<p><\/p>\n<p>[vc_row][vc_column width=&#8221;1\/2&#8243;][vc_column_text]<strong>L&#8217;azienda di trasporti &#8220;ATP Sova&#8221;<\/strong> offre il trasporto in Ucraina con auto Euroclass comode e moderne. Il nostro Paese \u00e8 estremamente vasto e ricco di luoghi belli e storici. Se decidi di organizzare un tour dei luoghi d&#8217;interesse o se hai solo bisogno di trasportare un grande gruppo di persone, utilizza i nostri servizi.<\/p>\n<p>Gli autobus sono estremamente comodi e ordinati, perch\u00e9 progettati per lunghi viaggi. Il nostro trasporto \u00e8 dotato di condizionatori e viene sottoposto a regolari controlli tecnici.<\/p>\n<p>Gli autisti che lavorano in <strong>ATP Sova<\/strong> hanno molta esperienza, sono dei veri specialisti nel campo dei trasporti. Garantiamo il tuo comfort e sicurezza durante il viaggio. Grazie ad una grande flotta, offriamo un comodo trasporto che fa al caso tuo. Le auto sono disponibili sia per grandi gruppi di persone che per piccole aziende.[\/vc_column_text]<ul class=\"vc__list-icons\"><li>\n\t\t\t\t<div class=\"vc__list-icons-img\"><img decoding=\"async\" src=\"https:\/\/atpsova.com\/wp-content\/uploads\/2020\/07\/bus.svg\" alt=\"\"><\/div>\n\t\t\t\t<div class=\"vc__list-icons-info\">\n\t\t\t\t\t<h4><\/h4>\n\t\t\t\t\t<p>Per 10 anni di fornitura di servizi di qualit\u00e0, migliaia di persone in tutta l'Ucraina sono diventate nostri clienti. Il tuo feedback positivo \u00e8 la migliore pubblicit\u00e0 per noi.<\/p>\n\t\t\t\t<\/div>\n\t\t\t<\/li><li>\n\t\t\t\t<div class=\"vc__list-icons-img\"><img decoding=\"async\" src=\"https:\/\/atpsova.com\/wp-content\/uploads\/2020\/07\/customer.svg\" alt=\"\"><\/div>\n\t\t\t\t<div class=\"vc__list-icons-info\">\n\t\t\t\t\t<h4><\/h4>\n\t\t\t\t\t<p>I clienti soddisfatti sono l'obiettivo della nostra attivit\u00e0.<br \/>\nTutte le informazioni su prezzi e tempi di consegna si trovano nel nostro staff.<\/p>\n\t\t\t\t<\/div>\n\t\t\t<\/li><li>\n\t\t\t\t<div class=\"vc__list-icons-img\"><img decoding=\"async\" src=\"https:\/\/atpsova.com\/wp-content\/uploads\/2020\/07\/freight.svg\" alt=\"\"><\/div>\n\t\t\t\t<div class=\"vc__list-icons-info\">\n\t\t\t\t\t<h4><\/h4>\n\t\t\t\t\t<p>Anche la nostra azienda di trasporti offre servizi di consegna di merci in tutta l'Ucraina, dopotutto ci sono anche camion.<\/p>\n\t\t\t\t<\/div>\n\t\t\t<\/li><\/ul>[\/vc_column][vc_column width=&#8221;1\/2&#8243;][vc_single_image image=&#8221;176&#8243; img_size=&#8221;large&#8221; alignment=&#8221;center&#8221; onclick=&#8221;link_image&#8221;][\/vc_column][\/vc_row]<\/p>\n<p><\/p>","protected":false},"excerpt":{"rendered":"<p>[vc_row][vc_column width=&#8221;1\/2&#8243;][vc_column_text]L&#8217;azienda di trasporti &#8220;ATP Sova&#8221; offre il trasporto in Ucraina con auto Euroclass comode e moderne. Il nostro Paese \u00e8 estremamente vasto e ricco di luoghi belli e storici. Se decidi di organizzare un tour dei luoghi d&#8217;interesse o se hai solo bisogno di trasportare un grande gruppo di persone, utilizza i nostri servizi. [&hellip;]<\/p>\n","protected":false},"author":1,"featured_media":0,"parent":29,"menu_order":0,"comment_status":"closed","ping_status":"closed","template":"","meta":{"_acf_changed":false,"inline_featured_image":false,"footnotes":""},"class_list":["post-91","page","type-page","status-publish","hentry"],"acf":[],"yoast_head":"<!-- This site is optimized with the Yoast SEO plugin v27.5 - https:\/\/yoast.com\/product\/yoast-seo-wordpress\/ -->\n<title>Traffico passeggeri in Ucraina - \u041f\u0430\u0441\u0430\u0436\u0438\u0440\u0441\u044c\u043a\u0456 \u043f\u0435\u0440\u0435\u0432\u0435\u0437\u0435\u043d\u043d\u044f<\/title>\n<meta name=\"robots\" content=\"index, follow, max-snippet:-1, max-image-preview:large, max-video-preview:-1\" \/>\n<link rel=\"canonical\" href=\"https:\/\/atpsova.com\/it\/services\/pasazhyrski-perevezennya-po-ukrayini\/\" \/>\n<meta property=\"og:locale\" content=\"it_IT\" \/>\n<meta property=\"og:type\" content=\"article\" \/>\n<meta property=\"og:title\" content=\"Traffico passeggeri in Ucraina - \u041f\u0430\u0441\u0430\u0436\u0438\u0440\u0441\u044c\u043a\u0456 \u043f\u0435\u0440\u0435\u0432\u0435\u0437\u0435\u043d\u043d\u044f\" \/>\n<meta property=\"og:description\" content=\"[vc_row][vc_column width=&#8221;1\/2&#8243;][vc_column_text]L&#8217;azienda di trasporti &#8220;ATP Sova&#8221; offre il trasporto in Ucraina con auto Euroclass comode e moderne. Il nostro Paese \u00e8 estremamente vasto e ricco di luoghi belli e storici. Se decidi di organizzare un tour dei luoghi d&#8217;interesse o se hai solo bisogno di trasportare un grande gruppo di persone, utilizza i nostri servizi. [&hellip;]\" \/>\n<meta property=\"og:url\" content=\"https:\/\/atpsova.com\/it\/services\/pasazhyrski-perevezennya-po-ukrayini\/\" \/>\n<meta property=\"og:site_name\" content=\"\u041f\u0430\u0441\u0430\u0436\u0438\u0440\u0441\u044c\u043a\u0456 \u043f\u0435\u0440\u0435\u0432\u0435\u0437\u0435\u043d\u043d\u044f\" \/>\n<meta property=\"article:modified_time\" content=\"2020-08-07T09:48:45+00:00\" \/>\n<meta name=\"twitter:card\" content=\"summary_large_image\" \/>\n<meta name=\"twitter:label1\" content=\"Tempo di lettura stimato\" \/>\n\t<meta name=\"twitter:data1\" content=\"8 minuti\" \/>\n<script type=\"application\/ld+json\" class=\"yoast-schema-graph\">{\"@context\":\"https:\\\/\\\/schema.org\",\"@graph\":[{\"@type\":\"WebPage\",\"@id\":\"https:\\\/\\\/atpsova.com\\\/it\\\/services\\\/pasazhyrski-perevezennya-po-ukrayini\\\/\",\"url\":\"https:\\\/\\\/atpsova.com\\\/it\\\/services\\\/pasazhyrski-perevezennya-po-ukrayini\\\/\",\"name\":\"Traffico passeggeri in Ucraina - \u041f\u0430\u0441\u0430\u0436\u0438\u0440\u0441\u044c\u043a\u0456 \u043f\u0435\u0440\u0435\u0432\u0435\u0437\u0435\u043d\u043d\u044f\",\"isPartOf\":{\"@id\":\"https:\\\/\\\/atpsova.com\\\/#website\"},\"datePublished\":\"2020-07-09T06:44:38+00:00\",\"dateModified\":\"2020-08-07T09:48:45+00:00\",\"breadcrumb\":{\"@id\":\"https:\\\/\\\/atpsova.com\\\/it\\\/services\\\/pasazhyrski-perevezennya-po-ukrayini\\\/#breadcrumb\"},\"inLanguage\":\"it-IT\",\"potentialAction\":[{\"@type\":\"ReadAction\",\"target\":[\"https:\\\/\\\/atpsova.com\\\/it\\\/services\\\/pasazhyrski-perevezennya-po-ukrayini\\\/\"]}]},{\"@type\":\"BreadcrumbList\",\"@id\":\"https:\\\/\\\/atpsova.com\\\/it\\\/services\\\/pasazhyrski-perevezennya-po-ukrayini\\\/#breadcrumb\",\"itemListElement\":[{\"@type\":\"ListItem\",\"position\":1,\"name\":\"\u0413\u043e\u043b\u043e\u0432\u043d\u0430 \u0421\u0442\u043e\u0440\u0456\u043d\u043a\u0430\",\"item\":\"https:\\\/\\\/atpsova.com\\\/\"},{\"@type\":\"ListItem\",\"position\":2,\"name\":\"Servizi\",\"item\":\"https:\\\/\\\/atpsova.com\\\/it\\\/services\\\/\"},{\"@type\":\"ListItem\",\"position\":3,\"name\":\"Traffico passeggeri in Ucraina\"}]},{\"@type\":\"WebSite\",\"@id\":\"https:\\\/\\\/atpsova.com\\\/#website\",\"url\":\"https:\\\/\\\/atpsova.com\\\/\",\"name\":\"\u041f\u0430\u0441\u0430\u0436\u0438\u0440\u0441\u044c\u043a\u0456 \u043f\u0435\u0440\u0435\u0432\u0435\u0437\u0435\u043d\u043d\u044f\",\"description\":\"\u043a\u0443\u043f\u0438\u0442\u0438 \u043a\u0432\u0438\u0442\u043a\u0438\",\"publisher\":{\"@id\":\"https:\\\/\\\/atpsova.com\\\/#organization\"},\"potentialAction\":[{\"@type\":\"SearchAction\",\"target\":{\"@type\":\"EntryPoint\",\"urlTemplate\":\"https:\\\/\\\/atpsova.com\\\/?s={search_term_string}\"},\"query-input\":{\"@type\":\"PropertyValueSpecification\",\"valueRequired\":true,\"valueName\":\"search_term_string\"}}],\"inLanguage\":\"it-IT\"},{\"@type\":\"Organization\",\"@id\":\"https:\\\/\\\/atpsova.com\\\/#organization\",\"name\":\"\u041f\u0430\u0441\u0430\u0436\u0438\u0440\u0441\u044c\u043a\u0456 \u043f\u0435\u0440\u0435\u0432\u0435\u0437\u0435\u043d\u043d\u044f\",\"url\":\"https:\\\/\\\/atpsova.com\\\/\",\"logo\":{\"@type\":\"ImageObject\",\"inLanguage\":\"it-IT\",\"@id\":\"https:\\\/\\\/atpsova.com\\\/#\\\/schema\\\/logo\\\/image\\\/\",\"url\":\"https:\\\/\\\/atpsova.com\\\/wp-content\\\/uploads\\\/2020\\\/07\\\/logo-2.svg\",\"contentUrl\":\"https:\\\/\\\/atpsova.com\\\/wp-content\\\/uploads\\\/2020\\\/07\\\/logo-2.svg\",\"width\":98,\"height\":32,\"caption\":\"\u041f\u0430\u0441\u0430\u0436\u0438\u0440\u0441\u044c\u043a\u0456 \u043f\u0435\u0440\u0435\u0432\u0435\u0437\u0435\u043d\u043d\u044f\"},\"image\":{\"@id\":\"https:\\\/\\\/atpsova.com\\\/#\\\/schema\\\/logo\\\/image\\\/\"}}]}<\/script>\n<!-- \/ Yoast SEO plugin. -->","yoast_head_json":{"title":"Traffico passeggeri in Ucraina - \u041f\u0430\u0441\u0430\u0436\u0438\u0440\u0441\u044c\u043a\u0456 \u043f\u0435\u0440\u0435\u0432\u0435\u0437\u0435\u043d\u043d\u044f","robots":{"index":"index","follow":"follow","max-snippet":"max-snippet:-1","max-image-preview":"max-image-preview:large","max-video-preview":"max-video-preview:-1"},"canonical":"https:\/\/atpsova.com\/it\/services\/pasazhyrski-perevezennya-po-ukrayini\/","og_locale":"it_IT","og_type":"article","og_title":"Traffico passeggeri in Ucraina - \u041f\u0430\u0441\u0430\u0436\u0438\u0440\u0441\u044c\u043a\u0456 \u043f\u0435\u0440\u0435\u0432\u0435\u0437\u0435\u043d\u043d\u044f","og_description":"[vc_row][vc_column width=&#8221;1\/2&#8243;][vc_column_text]L&#8217;azienda di trasporti &#8220;ATP Sova&#8221; offre il trasporto in Ucraina con auto Euroclass comode e moderne. Il nostro Paese \u00e8 estremamente vasto e ricco di luoghi belli e storici. Se decidi di organizzare un tour dei luoghi d&#8217;interesse o se hai solo bisogno di trasportare un grande gruppo di persone, utilizza i nostri servizi. [&hellip;]","og_url":"https:\/\/atpsova.com\/it\/services\/pasazhyrski-perevezennya-po-ukrayini\/","og_site_name":"\u041f\u0430\u0441\u0430\u0436\u0438\u0440\u0441\u044c\u043a\u0456 \u043f\u0435\u0440\u0435\u0432\u0435\u0437\u0435\u043d\u043d\u044f","article_modified_time":"2020-08-07T09:48:45+00:00","twitter_card":"summary_large_image","twitter_misc":{"Tempo di lettura stimato":"8 minuti"},"schema":{"@context":"https:\/\/schema.org","@graph":[{"@type":"WebPage","@id":"https:\/\/atpsova.com\/it\/services\/pasazhyrski-perevezennya-po-ukrayini\/","url":"https:\/\/atpsova.com\/it\/services\/pasazhyrski-perevezennya-po-ukrayini\/","name":"Traffico passeggeri in Ucraina - \u041f\u0430\u0441\u0430\u0436\u0438\u0440\u0441\u044c\u043a\u0456 \u043f\u0435\u0440\u0435\u0432\u0435\u0437\u0435\u043d\u043d\u044f","isPartOf":{"@id":"https:\/\/atpsova.com\/#website"},"datePublished":"2020-07-09T06:44:38+00:00","dateModified":"2020-08-07T09:48:45+00:00","breadcrumb":{"@id":"https:\/\/atpsova.com\/it\/services\/pasazhyrski-perevezennya-po-ukrayini\/#breadcrumb"},"inLanguage":"it-IT","potentialAction":[{"@type":"ReadAction","target":["https:\/\/atpsova.com\/it\/services\/pasazhyrski-perevezennya-po-ukrayini\/"]}]},{"@type":"BreadcrumbList","@id":"https:\/\/atpsova.com\/it\/services\/pasazhyrski-perevezennya-po-ukrayini\/#breadcrumb","itemListElement":[{"@type":"ListItem","position":1,"name":"\u0413\u043e\u043b\u043e\u0432\u043d\u0430 \u0421\u0442\u043e\u0440\u0456\u043d\u043a\u0430","item":"https:\/\/atpsova.com\/"},{"@type":"ListItem","position":2,"name":"Servizi","item":"https:\/\/atpsova.com\/it\/services\/"},{"@type":"ListItem","position":3,"name":"Traffico passeggeri in Ucraina"}]},{"@type":"WebSite","@id":"https:\/\/atpsova.com\/#website","url":"https:\/\/atpsova.com\/","name":"\u041f\u0430\u0441\u0430\u0436\u0438\u0440\u0441\u044c\u043a\u0456 \u043f\u0435\u0440\u0435\u0432\u0435\u0437\u0435\u043d\u043d\u044f","description":"\u043a\u0443\u043f\u0438\u0442\u0438 \u043a\u0432\u0438\u0442\u043a\u0438","publisher":{"@id":"https:\/\/atpsova.com\/#organization"},"potentialAction":[{"@type":"SearchAction","target":{"@type":"EntryPoint","urlTemplate":"https:\/\/atpsova.com\/?s={search_term_string}"},"query-input":{"@type":"PropertyValueSpecification","valueRequired":true,"valueName":"search_term_string"}}],"inLanguage":"it-IT"},{"@type":"Organization","@id":"https:\/\/atpsova.com\/#organization","name":"\u041f\u0430\u0441\u0430\u0436\u0438\u0440\u0441\u044c\u043a\u0456 \u043f\u0435\u0440\u0435\u0432\u0435\u0437\u0435\u043d\u043d\u044f","url":"https:\/\/atpsova.com\/","logo":{"@type":"ImageObject","inLanguage":"it-IT","@id":"https:\/\/atpsova.com\/#\/schema\/logo\/image\/","url":"https:\/\/atpsova.com\/wp-content\/uploads\/2020\/07\/logo-2.svg","contentUrl":"https:\/\/atpsova.com\/wp-content\/uploads\/2020\/07\/logo-2.svg","width":98,"height":32,"caption":"\u041f\u0430\u0441\u0430\u0436\u0438\u0440\u0441\u044c\u043a\u0456 \u043f\u0435\u0440\u0435\u0432\u0435\u0437\u0435\u043d\u043d\u044f"},"image":{"@id":"https:\/\/atpsova.com\/#\/schema\/logo\/image\/"}}]}},"_links":{"self":[{"href":"https:\/\/atpsova.com\/it\/wp-json\/wp\/v2\/pages\/91","targetHints":{"allow":["GET"]}}],"collection":[{"href":"https:\/\/atpsova.com\/it\/wp-json\/wp\/v2\/pages"}],"about":[{"href":"https:\/\/atpsova.com\/it\/wp-json\/wp\/v2\/types\/page"}],"author":[{"embeddable":true,"href":"https:\/\/atpsova.com\/it\/wp-json\/wp\/v2\/users\/1"}],"replies":[{"embeddable":true,"href":"https:\/\/atpsova.com\/it\/wp-json\/wp\/v2\/comments?post=91"}],"version-history":[{"count":5,"href":"https:\/\/atpsova.com\/it\/wp-json\/wp\/v2\/pages\/91\/revisions"}],"predecessor-version":[{"id":326,"href":"https:\/\/atpsova.com\/it\/wp-json\/wp\/v2\/pages\/91\/revisions\/326"}],"up":[{"embeddable":true,"href":"https:\/\/atpsova.com\/it\/wp-json\/wp\/v2\/pages\/29"}],"wp:attachment":[{"href":"https:\/\/atpsova.com\/it\/wp-json\/wp\/v2\/media?parent=91"}],"curies":[{"name":"wp","href":"https:\/\/api.w.org\/{rel}","templated":true}]}}