{"id":89,"date":"2020-07-09T09:44:14","date_gmt":"2020-07-09T06:44:14","guid":{"rendered":"https:\/\/atpsova.com\/\/?page_id=89"},"modified":"2020-08-07T12:46:27","modified_gmt":"2020-08-07T09:46:27","slug":"pasazhyrski-perevezennya-ukrayina-italiya","status":"publish","type":"page","link":"https:\/\/atpsova.com\/it\/services\/pasazhyrski-perevezennya-ukrayina-italiya\/","title":{"rendered":"Trasporto passeggeri Ucraina \u2013 Italia"},"content":{"rendered":"<p>[vc_row][vc_column][vc_column_text]L&#8217;Italia \u00e8 un paese meraviglioso e luminoso per le vacanze. Se decidi di trascorrere le tue vacanze qui, riceverai sicuramente solo impressioni e ricordi positivi.<\/p>\n<p>Anche negli ultimi anni sempre pi\u00f9 persone dall&#8217;Ucraina vanno a lavorare in Italia. Ci\u00f2 non sorprende, perch\u00e9 i salari e il tenore di vita in questo paese sono piuttosto alti. Indipendentemente dallo scopo del tuo viaggio, sorge una domanda: come arrivare in Italia? La distanza \u00e8 abbastanza ampia e per superarla nel modo pi\u00f9 comodo e veloce utilizzate i servizi della compagnia di trasporti &#8220;ATP Sova&#8221;.[\/vc_column_text][\/vc_column][\/vc_row][vc_row][vc_column width=&#8221;1\/2&#8243;][vc_single_image image=&#8221;202&#8243; img_size=&#8221;large&#8221; alignment=&#8221;center&#8221; style=&#8221;vc_box_shadow_3d&#8221; onclick=&#8221;link_image&#8221;][\/vc_column][vc_column width=&#8221;1\/2&#8243;][vc_single_image image=&#8221;203&#8243; img_size=&#8221;large&#8221; alignment=&#8221;center&#8221; style=&#8221;vc_box_shadow_3d&#8221; onclick=&#8221;link_image&#8221;][\/vc_column][\/vc_row][vc_row][vc_column width=&#8221;2\/3&#8243;][vc_column_text]La nostra flotta \u00e8 composta da vetture Euroclass ampie e confortevoli. Sono dotati di sedili ribaltabili, progettati per lunghi viaggi. Gli interni delle nostre auto sono sempre puliti e in ordine, i condizionatori funzionano. Cerchiamo di rendere il tuo viaggio il pi\u00f9 veloce e confortevole possibile. Tuttavia, la sicurezza dei nostri clienti viene sempre prima di tutto. Le auto vengono regolarmente controllate e ispezionate per evitare guasti durante il viaggio. Il nostro personale \u00e8 autisti affidabili e responsabili con molti anni di esperienza.<\/p>\n<p>Scegli la compagnia di trasporti &#8220;ATP Sova&#8221; e il tuo viaggio in Italia sar\u00e0 comodo, sicuro e veloce. Lavoriamo per i nostri clienti, perch\u00e9 il tuo buon feedback \u00e8 la migliore pubblicit\u00e0 per l&#8217;azienda.[\/vc_column_text][\/vc_column][vc_column width=&#8221;1\/3&#8243;][vc_single_image image=&#8221;206&#8243; img_size=&#8221;large&#8221; alignment=&#8221;center&#8221; style=&#8221;vc_box_shadow_3d&#8221; onclick=&#8221;link_image&#8221;][\/vc_column][\/vc_row]<\/p>","protected":false},"excerpt":{"rendered":"<p>[vc_row][vc_column][vc_column_text]L&#8217;Italia \u00e8 un paese meraviglioso e luminoso per le vacanze. Se decidi di trascorrere le tue vacanze qui, riceverai sicuramente solo impressioni e ricordi positivi. Anche negli ultimi anni sempre pi\u00f9 persone dall&#8217;Ucraina vanno a lavorare in Italia. Ci\u00f2 non sorprende, perch\u00e9 i salari e il tenore di vita in questo paese sono piuttosto alti. [&hellip;]<\/p>\n","protected":false},"author":1,"featured_media":0,"parent":29,"menu_order":0,"comment_status":"closed","ping_status":"closed","template":"","meta":{"_acf_changed":false,"inline_featured_image":false,"footnotes":""},"class_list":["post-89","page","type-page","status-publish","hentry"],"acf":[],"yoast_head":"<!-- This site is optimized with the Yoast SEO plugin v27.5 - https:\/\/yoast.com\/product\/yoast-seo-wordpress\/ -->\n<title>Trasporto passeggeri Ucraina \u2013 Italia - \u041f\u0430\u0441\u0430\u0436\u0438\u0440\u0441\u044c\u043a\u0456 \u043f\u0435\u0440\u0435\u0432\u0435\u0437\u0435\u043d\u043d\u044f<\/title>\n<meta name=\"robots\" content=\"index, follow, max-snippet:-1, max-image-preview:large, max-video-preview:-1\" \/>\n<link rel=\"canonical\" href=\"https:\/\/atpsova.com\/it\/services\/pasazhyrski-perevezennya-ukrayina-italiya\/\" \/>\n<meta property=\"og:locale\" content=\"it_IT\" \/>\n<meta property=\"og:type\" content=\"article\" \/>\n<meta property=\"og:title\" content=\"Trasporto passeggeri Ucraina \u2013 Italia - \u041f\u0430\u0441\u0430\u0436\u0438\u0440\u0441\u044c\u043a\u0456 \u043f\u0435\u0440\u0435\u0432\u0435\u0437\u0435\u043d\u043d\u044f\" \/>\n<meta property=\"og:description\" content=\"[vc_row][vc_column][vc_column_text]L&#8217;Italia \u00e8 un paese meraviglioso e luminoso per le vacanze. Se decidi di trascorrere le tue vacanze qui, riceverai sicuramente solo impressioni e ricordi positivi. Anche negli ultimi anni sempre pi\u00f9 persone dall&#8217;Ucraina vanno a lavorare in Italia. Ci\u00f2 non sorprende, perch\u00e9 i salari e il tenore di vita in questo paese sono piuttosto alti. [&hellip;]\" \/>\n<meta property=\"og:url\" content=\"https:\/\/atpsova.com\/it\/services\/pasazhyrski-perevezennya-ukrayina-italiya\/\" \/>\n<meta property=\"og:site_name\" content=\"\u041f\u0430\u0441\u0430\u0436\u0438\u0440\u0441\u044c\u043a\u0456 \u043f\u0435\u0440\u0435\u0432\u0435\u0437\u0435\u043d\u043d\u044f\" \/>\n<meta property=\"article:modified_time\" content=\"2020-08-07T09:46:27+00:00\" \/>\n<meta name=\"twitter:card\" content=\"summary_large_image\" \/>\n<meta name=\"twitter:label1\" content=\"Tempo di lettura stimato\" \/>\n\t<meta name=\"twitter:data1\" content=\"3 minuti\" \/>\n<script type=\"application\/ld+json\" class=\"yoast-schema-graph\">{\"@context\":\"https:\\\/\\\/schema.org\",\"@graph\":[{\"@type\":\"WebPage\",\"@id\":\"https:\\\/\\\/atpsova.com\\\/it\\\/services\\\/pasazhyrski-perevezennya-ukrayina-italiya\\\/\",\"url\":\"https:\\\/\\\/atpsova.com\\\/it\\\/services\\\/pasazhyrski-perevezennya-ukrayina-italiya\\\/\",\"name\":\"Trasporto passeggeri Ucraina \u2013 Italia - \u041f\u0430\u0441\u0430\u0436\u0438\u0440\u0441\u044c\u043a\u0456 \u043f\u0435\u0440\u0435\u0432\u0435\u0437\u0435\u043d\u043d\u044f\",\"isPartOf\":{\"@id\":\"https:\\\/\\\/atpsova.com\\\/#website\"},\"datePublished\":\"2020-07-09T06:44:14+00:00\",\"dateModified\":\"2020-08-07T09:46:27+00:00\",\"breadcrumb\":{\"@id\":\"https:\\\/\\\/atpsova.com\\\/it\\\/services\\\/pasazhyrski-perevezennya-ukrayina-italiya\\\/#breadcrumb\"},\"inLanguage\":\"it-IT\",\"potentialAction\":[{\"@type\":\"ReadAction\",\"target\":[\"https:\\\/\\\/atpsova.com\\\/it\\\/services\\\/pasazhyrski-perevezennya-ukrayina-italiya\\\/\"]}]},{\"@type\":\"BreadcrumbList\",\"@id\":\"https:\\\/\\\/atpsova.com\\\/it\\\/services\\\/pasazhyrski-perevezennya-ukrayina-italiya\\\/#breadcrumb\",\"itemListElement\":[{\"@type\":\"ListItem\",\"position\":1,\"name\":\"\u0413\u043e\u043b\u043e\u0432\u043d\u0430 \u0421\u0442\u043e\u0440\u0456\u043d\u043a\u0430\",\"item\":\"https:\\\/\\\/atpsova.com\\\/\"},{\"@type\":\"ListItem\",\"position\":2,\"name\":\"Servizi\",\"item\":\"https:\\\/\\\/atpsova.com\\\/it\\\/services\\\/\"},{\"@type\":\"ListItem\",\"position\":3,\"name\":\"Trasporto passeggeri Ucraina \u2013 Italia\"}]},{\"@type\":\"WebSite\",\"@id\":\"https:\\\/\\\/atpsova.com\\\/#website\",\"url\":\"https:\\\/\\\/atpsova.com\\\/\",\"name\":\"\u041f\u0430\u0441\u0430\u0436\u0438\u0440\u0441\u044c\u043a\u0456 \u043f\u0435\u0440\u0435\u0432\u0435\u0437\u0435\u043d\u043d\u044f\",\"description\":\"\u043a\u0443\u043f\u0438\u0442\u0438 \u043a\u0432\u0438\u0442\u043a\u0438\",\"publisher\":{\"@id\":\"https:\\\/\\\/atpsova.com\\\/#organization\"},\"potentialAction\":[{\"@type\":\"SearchAction\",\"target\":{\"@type\":\"EntryPoint\",\"urlTemplate\":\"https:\\\/\\\/atpsova.com\\\/?s={search_term_string}\"},\"query-input\":{\"@type\":\"PropertyValueSpecification\",\"valueRequired\":true,\"valueName\":\"search_term_string\"}}],\"inLanguage\":\"it-IT\"},{\"@type\":\"Organization\",\"@id\":\"https:\\\/\\\/atpsova.com\\\/#organization\",\"name\":\"\u041f\u0430\u0441\u0430\u0436\u0438\u0440\u0441\u044c\u043a\u0456 \u043f\u0435\u0440\u0435\u0432\u0435\u0437\u0435\u043d\u043d\u044f\",\"url\":\"https:\\\/\\\/atpsova.com\\\/\",\"logo\":{\"@type\":\"ImageObject\",\"inLanguage\":\"it-IT\",\"@id\":\"https:\\\/\\\/atpsova.com\\\/#\\\/schema\\\/logo\\\/image\\\/\",\"url\":\"https:\\\/\\\/atpsova.com\\\/wp-content\\\/uploads\\\/2020\\\/07\\\/logo-2.svg\",\"contentUrl\":\"https:\\\/\\\/atpsova.com\\\/wp-content\\\/uploads\\\/2020\\\/07\\\/logo-2.svg\",\"width\":98,\"height\":32,\"caption\":\"\u041f\u0430\u0441\u0430\u0436\u0438\u0440\u0441\u044c\u043a\u0456 \u043f\u0435\u0440\u0435\u0432\u0435\u0437\u0435\u043d\u043d\u044f\"},\"image\":{\"@id\":\"https:\\\/\\\/atpsova.com\\\/#\\\/schema\\\/logo\\\/image\\\/\"}}]}<\/script>\n<!-- \/ Yoast SEO plugin. -->","yoast_head_json":{"title":"Trasporto passeggeri Ucraina \u2013 Italia - \u041f\u0430\u0441\u0430\u0436\u0438\u0440\u0441\u044c\u043a\u0456 \u043f\u0435\u0440\u0435\u0432\u0435\u0437\u0435\u043d\u043d\u044f","robots":{"index":"index","follow":"follow","max-snippet":"max-snippet:-1","max-image-preview":"max-image-preview:large","max-video-preview":"max-video-preview:-1"},"canonical":"https:\/\/atpsova.com\/it\/services\/pasazhyrski-perevezennya-ukrayina-italiya\/","og_locale":"it_IT","og_type":"article","og_title":"Trasporto passeggeri Ucraina \u2013 Italia - \u041f\u0430\u0441\u0430\u0436\u0438\u0440\u0441\u044c\u043a\u0456 \u043f\u0435\u0440\u0435\u0432\u0435\u0437\u0435\u043d\u043d\u044f","og_description":"[vc_row][vc_column][vc_column_text]L&#8217;Italia \u00e8 un paese meraviglioso e luminoso per le vacanze. Se decidi di trascorrere le tue vacanze qui, riceverai sicuramente solo impressioni e ricordi positivi. Anche negli ultimi anni sempre pi\u00f9 persone dall&#8217;Ucraina vanno a lavorare in Italia. Ci\u00f2 non sorprende, perch\u00e9 i salari e il tenore di vita in questo paese sono piuttosto alti. [&hellip;]","og_url":"https:\/\/atpsova.com\/it\/services\/pasazhyrski-perevezennya-ukrayina-italiya\/","og_site_name":"\u041f\u0430\u0441\u0430\u0436\u0438\u0440\u0441\u044c\u043a\u0456 \u043f\u0435\u0440\u0435\u0432\u0435\u0437\u0435\u043d\u043d\u044f","article_modified_time":"2020-08-07T09:46:27+00:00","twitter_card":"summary_large_image","twitter_misc":{"Tempo di lettura stimato":"3 minuti"},"schema":{"@context":"https:\/\/schema.org","@graph":[{"@type":"WebPage","@id":"https:\/\/atpsova.com\/it\/services\/pasazhyrski-perevezennya-ukrayina-italiya\/","url":"https:\/\/atpsova.com\/it\/services\/pasazhyrski-perevezennya-ukrayina-italiya\/","name":"Trasporto passeggeri Ucraina \u2013 Italia - \u041f\u0430\u0441\u0430\u0436\u0438\u0440\u0441\u044c\u043a\u0456 \u043f\u0435\u0440\u0435\u0432\u0435\u0437\u0435\u043d\u043d\u044f","isPartOf":{"@id":"https:\/\/atpsova.com\/#website"},"datePublished":"2020-07-09T06:44:14+00:00","dateModified":"2020-08-07T09:46:27+00:00","breadcrumb":{"@id":"https:\/\/atpsova.com\/it\/services\/pasazhyrski-perevezennya-ukrayina-italiya\/#breadcrumb"},"inLanguage":"it-IT","potentialAction":[{"@type":"ReadAction","target":["https:\/\/atpsova.com\/it\/services\/pasazhyrski-perevezennya-ukrayina-italiya\/"]}]},{"@type":"BreadcrumbList","@id":"https:\/\/atpsova.com\/it\/services\/pasazhyrski-perevezennya-ukrayina-italiya\/#breadcrumb","itemListElement":[{"@type":"ListItem","position":1,"name":"\u0413\u043e\u043b\u043e\u0432\u043d\u0430 \u0421\u0442\u043e\u0440\u0456\u043d\u043a\u0430","item":"https:\/\/atpsova.com\/"},{"@type":"ListItem","position":2,"name":"Servizi","item":"https:\/\/atpsova.com\/it\/services\/"},{"@type":"ListItem","position":3,"name":"Trasporto passeggeri Ucraina \u2013 Italia"}]},{"@type":"WebSite","@id":"https:\/\/atpsova.com\/#website","url":"https:\/\/atpsova.com\/","name":"\u041f\u0430\u0441\u0430\u0436\u0438\u0440\u0441\u044c\u043a\u0456 \u043f\u0435\u0440\u0435\u0432\u0435\u0437\u0435\u043d\u043d\u044f","description":"\u043a\u0443\u043f\u0438\u0442\u0438 \u043a\u0432\u0438\u0442\u043a\u0438","publisher":{"@id":"https:\/\/atpsova.com\/#organization"},"potentialAction":[{"@type":"SearchAction","target":{"@type":"EntryPoint","urlTemplate":"https:\/\/atpsova.com\/?s={search_term_string}"},"query-input":{"@type":"PropertyValueSpecification","valueRequired":true,"valueName":"search_term_string"}}],"inLanguage":"it-IT"},{"@type":"Organization","@id":"https:\/\/atpsova.com\/#organization","name":"\u041f\u0430\u0441\u0430\u0436\u0438\u0440\u0441\u044c\u043a\u0456 \u043f\u0435\u0440\u0435\u0432\u0435\u0437\u0435\u043d\u043d\u044f","url":"https:\/\/atpsova.com\/","logo":{"@type":"ImageObject","inLanguage":"it-IT","@id":"https:\/\/atpsova.com\/#\/schema\/logo\/image\/","url":"https:\/\/atpsova.com\/wp-content\/uploads\/2020\/07\/logo-2.svg","contentUrl":"https:\/\/atpsova.com\/wp-content\/uploads\/2020\/07\/logo-2.svg","width":98,"height":32,"caption":"\u041f\u0430\u0441\u0430\u0436\u0438\u0440\u0441\u044c\u043a\u0456 \u043f\u0435\u0440\u0435\u0432\u0435\u0437\u0435\u043d\u043d\u044f"},"image":{"@id":"https:\/\/atpsova.com\/#\/schema\/logo\/image\/"}}]}},"_links":{"self":[{"href":"https:\/\/atpsova.com\/it\/wp-json\/wp\/v2\/pages\/89","targetHints":{"allow":["GET"]}}],"collection":[{"href":"https:\/\/atpsova.com\/it\/wp-json\/wp\/v2\/pages"}],"about":[{"href":"https:\/\/atpsova.com\/it\/wp-json\/wp\/v2\/types\/page"}],"author":[{"embeddable":true,"href":"https:\/\/atpsova.com\/it\/wp-json\/wp\/v2\/users\/1"}],"replies":[{"embeddable":true,"href":"https:\/\/atpsova.com\/it\/wp-json\/wp\/v2\/comments?post=89"}],"version-history":[{"count":7,"href":"https:\/\/atpsova.com\/it\/wp-json\/wp\/v2\/pages\/89\/revisions"}],"predecessor-version":[{"id":325,"href":"https:\/\/atpsova.com\/it\/wp-json\/wp\/v2\/pages\/89\/revisions\/325"}],"up":[{"embeddable":true,"href":"https:\/\/atpsova.com\/it\/wp-json\/wp\/v2\/pages\/29"}],"wp:attachment":[{"href":"https:\/\/atpsova.com\/it\/wp-json\/wp\/v2\/media?parent=89"}],"curies":[{"name":"wp","href":"https:\/\/api.w.org\/{rel}","templated":true}]}}