{"id":341,"date":"2020-08-10T13:14:03","date_gmt":"2020-08-10T10:14:03","guid":{"rendered":"https:\/\/atpsova.com\/?page_id=341"},"modified":"2020-08-10T13:14:03","modified_gmt":"2020-08-10T10:14:03","slug":"yak-povernuti-kvitok","status":"publish","type":"page","link":"https:\/\/atpsova.com\/it\/yak-povernuti-kvitok\/","title":{"rendered":"Come restituire un biglietto?"},"content":{"rendered":"<p>Per restituire un biglietto elettronico, puoi andare direttamente al botteghino e fornire un biglietto elettronico stampato o restituire il biglietto online sul sito web.<\/p>\n<p><strong>Regole generali per la restituzione dei biglietti elettronici online<\/strong><\/p>\n<p>Il cliente pu\u00f2 annullare online un biglietto elettronico pagato, il che \u00e8 molto pi\u00f9 semplice e conveniente.<\/p>\n<p>Questo richiede:<\/p>\n<ul>\n<li>accedi alla sezione &#8220;Account personale&#8221; o &#8220;Il mio ticket&#8221; sotto il tuo login e password;<\/li>\n<li>seleziona l&#8217;opzione &#8220;Biglietto di ritorno&#8221;.<\/li>\n<li>inserisci i dati del passeggero nel modulo di reso e clicca sul pulsante &#8220;Calcola l&#8217;importo da restituire&#8221;. Il sistema calcola automaticamente l&#8217;importo comprensivo delle penali.<\/li>\n<li>confermare la cancellazione del biglietto.<\/li>\n<li>In caso di pagamento tramite Privat24 o WebMoney, il cliente verr\u00e0 automaticamente indirizzato all&#8217;apposito modulo elettronico di richiesta di reso. In questo caso, lo stato nella sezione &#8220;Account personale&#8221; verr\u00e0 modificato in &#8220;In attesa di riempimento da parte dell&#8217;utente&#8221;. Compila i campi della domanda e invialo.<\/li>\n<\/ul>\n<p>Dopo aver completato la richiesta di reso, lo stato dell&#8217;ordine verr\u00e0 modificato in &#8220;In corso di annullamento&#8221;, quindi in &#8220;Restituito&#8221;. Se vengono annullati solo pochi biglietti dell&#8217;intero ordine, lo stato verr\u00e0 modificato in &#8220;Rimborso parziale&#8221;. Puoi annullare il tuo biglietto fino alla partenza dell&#8217;autobus.<\/p>","protected":false},"excerpt":{"rendered":"<p>Per restituire un biglietto elettronico, puoi andare direttamente al botteghino e fornire un biglietto elettronico stampato o restituire il biglietto online sul sito web. Regole generali per la restituzione dei biglietti elettronici online Il cliente pu\u00f2 annullare online un biglietto elettronico pagato, il che \u00e8 molto pi\u00f9 semplice e conveniente. Questo richiede: accedi alla sezione [&hellip;]<\/p>\n","protected":false},"author":1,"featured_media":0,"parent":0,"menu_order":0,"comment_status":"closed","ping_status":"closed","template":"","meta":{"_acf_changed":false,"inline_featured_image":false,"footnotes":""},"class_list":["post-341","page","type-page","status-publish","hentry"],"acf":[],"yoast_head":"<!-- This site is optimized with the Yoast SEO plugin v27.5 - https:\/\/yoast.com\/product\/yoast-seo-wordpress\/ -->\n<title>Come restituire un biglietto? - \u041f\u0430\u0441\u0430\u0436\u0438\u0440\u0441\u044c\u043a\u0456 \u043f\u0435\u0440\u0435\u0432\u0435\u0437\u0435\u043d\u043d\u044f<\/title>\n<meta name=\"robots\" content=\"index, follow, max-snippet:-1, max-image-preview:large, max-video-preview:-1\" \/>\n<link rel=\"canonical\" href=\"https:\/\/atpsova.com\/ru\/yak-povernuti-kvitok\/\" \/>\n<meta property=\"og:locale\" content=\"it_IT\" \/>\n<meta property=\"og:type\" content=\"article\" \/>\n<meta property=\"og:title\" content=\"Come restituire un biglietto? - \u041f\u0430\u0441\u0430\u0436\u0438\u0440\u0441\u044c\u043a\u0456 \u043f\u0435\u0440\u0435\u0432\u0435\u0437\u0435\u043d\u043d\u044f\" \/>\n<meta property=\"og:description\" content=\"Per restituire un biglietto elettronico, puoi andare direttamente al botteghino e fornire un biglietto elettronico stampato o restituire il biglietto online sul sito web. Regole generali per la restituzione dei biglietti elettronici online Il cliente pu\u00f2 annullare online un biglietto elettronico pagato, il che \u00e8 molto pi\u00f9 semplice e conveniente. Questo richiede: accedi alla sezione [&hellip;]\" \/>\n<meta property=\"og:url\" content=\"https:\/\/atpsova.com\/ru\/yak-povernuti-kvitok\/\" \/>\n<meta property=\"og:site_name\" content=\"\u041f\u0430\u0441\u0430\u0436\u0438\u0440\u0441\u044c\u043a\u0456 \u043f\u0435\u0440\u0435\u0432\u0435\u0437\u0435\u043d\u043d\u044f\" \/>\n<meta name=\"twitter:card\" content=\"summary_large_image\" \/>\n<meta name=\"twitter:label1\" content=\"Tempo di lettura stimato\" \/>\n\t<meta name=\"twitter:data1\" content=\"1 minuto\" \/>\n<script type=\"application\/ld+json\" class=\"yoast-schema-graph\">{\"@context\":\"https:\\\/\\\/schema.org\",\"@graph\":[{\"@type\":\"WebPage\",\"@id\":\"https:\\\/\\\/atpsova.com\\\/ru\\\/yak-povernuti-kvitok\\\/\",\"url\":\"https:\\\/\\\/atpsova.com\\\/ru\\\/yak-povernuti-kvitok\\\/\",\"name\":\"Come restituire un biglietto? - \u041f\u0430\u0441\u0430\u0436\u0438\u0440\u0441\u044c\u043a\u0456 \u043f\u0435\u0440\u0435\u0432\u0435\u0437\u0435\u043d\u043d\u044f\",\"isPartOf\":{\"@id\":\"https:\\\/\\\/atpsova.com\\\/#website\"},\"datePublished\":\"2020-08-10T10:14:03+00:00\",\"breadcrumb\":{\"@id\":\"https:\\\/\\\/atpsova.com\\\/ru\\\/yak-povernuti-kvitok\\\/#breadcrumb\"},\"inLanguage\":\"it-IT\",\"potentialAction\":[{\"@type\":\"ReadAction\",\"target\":[\"https:\\\/\\\/atpsova.com\\\/ru\\\/yak-povernuti-kvitok\\\/\"]}]},{\"@type\":\"BreadcrumbList\",\"@id\":\"https:\\\/\\\/atpsova.com\\\/ru\\\/yak-povernuti-kvitok\\\/#breadcrumb\",\"itemListElement\":[{\"@type\":\"ListItem\",\"position\":1,\"name\":\"\u0413\u043e\u043b\u043e\u0432\u043d\u0430 \u0421\u0442\u043e\u0440\u0456\u043d\u043a\u0430\",\"item\":\"https:\\\/\\\/atpsova.com\\\/\"},{\"@type\":\"ListItem\",\"position\":2,\"name\":\"\u041a\u0430\u043a \u0432\u0435\u0440\u043d\u0443\u0442\u044c \u0431\u0438\u043b\u0435\u0442?\"}]},{\"@type\":\"WebSite\",\"@id\":\"https:\\\/\\\/atpsova.com\\\/#website\",\"url\":\"https:\\\/\\\/atpsova.com\\\/\",\"name\":\"\u041f\u0430\u0441\u0430\u0436\u0438\u0440\u0441\u044c\u043a\u0456 \u043f\u0435\u0440\u0435\u0432\u0435\u0437\u0435\u043d\u043d\u044f\",\"description\":\"\u043a\u0443\u043f\u0438\u0442\u0438 \u043a\u0432\u0438\u0442\u043a\u0438\",\"publisher\":{\"@id\":\"https:\\\/\\\/atpsova.com\\\/#organization\"},\"potentialAction\":[{\"@type\":\"SearchAction\",\"target\":{\"@type\":\"EntryPoint\",\"urlTemplate\":\"https:\\\/\\\/atpsova.com\\\/?s={search_term_string}\"},\"query-input\":{\"@type\":\"PropertyValueSpecification\",\"valueRequired\":true,\"valueName\":\"search_term_string\"}}],\"inLanguage\":\"it-IT\"},{\"@type\":\"Organization\",\"@id\":\"https:\\\/\\\/atpsova.com\\\/#organization\",\"name\":\"\u041f\u0430\u0441\u0430\u0436\u0438\u0440\u0441\u044c\u043a\u0456 \u043f\u0435\u0440\u0435\u0432\u0435\u0437\u0435\u043d\u043d\u044f\",\"url\":\"https:\\\/\\\/atpsova.com\\\/\",\"logo\":{\"@type\":\"ImageObject\",\"inLanguage\":\"it-IT\",\"@id\":\"https:\\\/\\\/atpsova.com\\\/#\\\/schema\\\/logo\\\/image\\\/\",\"url\":\"https:\\\/\\\/atpsova.com\\\/wp-content\\\/uploads\\\/2020\\\/07\\\/logo-2.svg\",\"contentUrl\":\"https:\\\/\\\/atpsova.com\\\/wp-content\\\/uploads\\\/2020\\\/07\\\/logo-2.svg\",\"width\":98,\"height\":32,\"caption\":\"\u041f\u0430\u0441\u0430\u0436\u0438\u0440\u0441\u044c\u043a\u0456 \u043f\u0435\u0440\u0435\u0432\u0435\u0437\u0435\u043d\u043d\u044f\"},\"image\":{\"@id\":\"https:\\\/\\\/atpsova.com\\\/#\\\/schema\\\/logo\\\/image\\\/\"}}]}<\/script>\n<!-- \/ Yoast SEO plugin. -->","yoast_head_json":{"title":"Come restituire un biglietto? - \u041f\u0430\u0441\u0430\u0436\u0438\u0440\u0441\u044c\u043a\u0456 \u043f\u0435\u0440\u0435\u0432\u0435\u0437\u0435\u043d\u043d\u044f","robots":{"index":"index","follow":"follow","max-snippet":"max-snippet:-1","max-image-preview":"max-image-preview:large","max-video-preview":"max-video-preview:-1"},"canonical":"https:\/\/atpsova.com\/ru\/yak-povernuti-kvitok\/","og_locale":"it_IT","og_type":"article","og_title":"Come restituire un biglietto? - \u041f\u0430\u0441\u0430\u0436\u0438\u0440\u0441\u044c\u043a\u0456 \u043f\u0435\u0440\u0435\u0432\u0435\u0437\u0435\u043d\u043d\u044f","og_description":"Per restituire un biglietto elettronico, puoi andare direttamente al botteghino e fornire un biglietto elettronico stampato o restituire il biglietto online sul sito web. Regole generali per la restituzione dei biglietti elettronici online Il cliente pu\u00f2 annullare online un biglietto elettronico pagato, il che \u00e8 molto pi\u00f9 semplice e conveniente. Questo richiede: accedi alla sezione [&hellip;]","og_url":"https:\/\/atpsova.com\/ru\/yak-povernuti-kvitok\/","og_site_name":"\u041f\u0430\u0441\u0430\u0436\u0438\u0440\u0441\u044c\u043a\u0456 \u043f\u0435\u0440\u0435\u0432\u0435\u0437\u0435\u043d\u043d\u044f","twitter_card":"summary_large_image","twitter_misc":{"Tempo di lettura stimato":"1 minuto"},"schema":{"@context":"https:\/\/schema.org","@graph":[{"@type":"WebPage","@id":"https:\/\/atpsova.com\/ru\/yak-povernuti-kvitok\/","url":"https:\/\/atpsova.com\/ru\/yak-povernuti-kvitok\/","name":"Come restituire un biglietto? - \u041f\u0430\u0441\u0430\u0436\u0438\u0440\u0441\u044c\u043a\u0456 \u043f\u0435\u0440\u0435\u0432\u0435\u0437\u0435\u043d\u043d\u044f","isPartOf":{"@id":"https:\/\/atpsova.com\/#website"},"datePublished":"2020-08-10T10:14:03+00:00","breadcrumb":{"@id":"https:\/\/atpsova.com\/ru\/yak-povernuti-kvitok\/#breadcrumb"},"inLanguage":"it-IT","potentialAction":[{"@type":"ReadAction","target":["https:\/\/atpsova.com\/ru\/yak-povernuti-kvitok\/"]}]},{"@type":"BreadcrumbList","@id":"https:\/\/atpsova.com\/ru\/yak-povernuti-kvitok\/#breadcrumb","itemListElement":[{"@type":"ListItem","position":1,"name":"\u0413\u043e\u043b\u043e\u0432\u043d\u0430 \u0421\u0442\u043e\u0440\u0456\u043d\u043a\u0430","item":"https:\/\/atpsova.com\/"},{"@type":"ListItem","position":2,"name":"\u041a\u0430\u043a \u0432\u0435\u0440\u043d\u0443\u0442\u044c \u0431\u0438\u043b\u0435\u0442?"}]},{"@type":"WebSite","@id":"https:\/\/atpsova.com\/#website","url":"https:\/\/atpsova.com\/","name":"\u041f\u0430\u0441\u0430\u0436\u0438\u0440\u0441\u044c\u043a\u0456 \u043f\u0435\u0440\u0435\u0432\u0435\u0437\u0435\u043d\u043d\u044f","description":"\u043a\u0443\u043f\u0438\u0442\u0438 \u043a\u0432\u0438\u0442\u043a\u0438","publisher":{"@id":"https:\/\/atpsova.com\/#organization"},"potentialAction":[{"@type":"SearchAction","target":{"@type":"EntryPoint","urlTemplate":"https:\/\/atpsova.com\/?s={search_term_string}"},"query-input":{"@type":"PropertyValueSpecification","valueRequired":true,"valueName":"search_term_string"}}],"inLanguage":"it-IT"},{"@type":"Organization","@id":"https:\/\/atpsova.com\/#organization","name":"\u041f\u0430\u0441\u0430\u0436\u0438\u0440\u0441\u044c\u043a\u0456 \u043f\u0435\u0440\u0435\u0432\u0435\u0437\u0435\u043d\u043d\u044f","url":"https:\/\/atpsova.com\/","logo":{"@type":"ImageObject","inLanguage":"it-IT","@id":"https:\/\/atpsova.com\/#\/schema\/logo\/image\/","url":"https:\/\/atpsova.com\/wp-content\/uploads\/2020\/07\/logo-2.svg","contentUrl":"https:\/\/atpsova.com\/wp-content\/uploads\/2020\/07\/logo-2.svg","width":98,"height":32,"caption":"\u041f\u0430\u0441\u0430\u0436\u0438\u0440\u0441\u044c\u043a\u0456 \u043f\u0435\u0440\u0435\u0432\u0435\u0437\u0435\u043d\u043d\u044f"},"image":{"@id":"https:\/\/atpsova.com\/#\/schema\/logo\/image\/"}}]}},"_links":{"self":[{"href":"https:\/\/atpsova.com\/it\/wp-json\/wp\/v2\/pages\/341","targetHints":{"allow":["GET"]}}],"collection":[{"href":"https:\/\/atpsova.com\/it\/wp-json\/wp\/v2\/pages"}],"about":[{"href":"https:\/\/atpsova.com\/it\/wp-json\/wp\/v2\/types\/page"}],"author":[{"embeddable":true,"href":"https:\/\/atpsova.com\/it\/wp-json\/wp\/v2\/users\/1"}],"replies":[{"embeddable":true,"href":"https:\/\/atpsova.com\/it\/wp-json\/wp\/v2\/comments?post=341"}],"version-history":[{"count":1,"href":"https:\/\/atpsova.com\/it\/wp-json\/wp\/v2\/pages\/341\/revisions"}],"predecessor-version":[{"id":342,"href":"https:\/\/atpsova.com\/it\/wp-json\/wp\/v2\/pages\/341\/revisions\/342"}],"wp:attachment":[{"href":"https:\/\/atpsova.com\/it\/wp-json\/wp\/v2\/media?parent=341"}],"curies":[{"name":"wp","href":"https:\/\/api.w.org\/{rel}","templated":true}]}}