{"id":337,"date":"2020-08-10T13:11:30","date_gmt":"2020-08-10T10:11:30","guid":{"rendered":"https:\/\/atpsova.com\/?page_id=337"},"modified":"2020-08-10T13:11:30","modified_gmt":"2020-08-10T10:11:30","slug":"yak-zabronyuvati-kvitok","status":"publish","type":"page","link":"https:\/\/atpsova.com\/it\/yak-zabronyuvati-kvitok\/","title":{"rendered":"Come prenotare un biglietto?"},"content":{"rendered":"<p>I biglietti elettronici vengono prenotati sia in modo tradizionale (tramite operatori e sistemi informatici di prenotazione) sia autonomamente dai passeggeri attraverso i siti web delle societ\u00e0 o agenzie di trasporto. Il pagamento del biglietto pu\u00f2 essere effettuato anche sia in modalit\u00e0 tradizionale (cassa) che con mezzi elettronici.<\/p>\n<p>Quando effettui una prenotazione, puoi vedere se \u00e8 possibile ordinare un biglietto elettronico. Dopo aver creato una prenotazione, nella pagina di pagamento verr\u00e0 visualizzato un messaggio sulla possibilit\u00e0 di ordinare un biglietto elettronico, dopodich\u00e9 \u00e8 necessario selezionare l&#8217;opzione appropriata ed effettuare il pagamento.<\/p>","protected":false},"excerpt":{"rendered":"<p>I biglietti elettronici vengono prenotati sia in modo tradizionale (tramite operatori e sistemi informatici di prenotazione) sia autonomamente dai passeggeri attraverso i siti web delle societ\u00e0 o agenzie di trasporto. Il pagamento del biglietto pu\u00f2 essere effettuato anche sia in modalit\u00e0 tradizionale (cassa) che con mezzi elettronici. Quando effettui una prenotazione, puoi vedere se \u00e8 [&hellip;]<\/p>\n","protected":false},"author":1,"featured_media":0,"parent":0,"menu_order":0,"comment_status":"closed","ping_status":"closed","template":"","meta":{"_acf_changed":false,"inline_featured_image":false,"footnotes":""},"class_list":["post-337","page","type-page","status-publish","hentry"],"acf":[],"yoast_head":"<!-- This site is optimized with the Yoast SEO plugin v27.5 - https:\/\/yoast.com\/product\/yoast-seo-wordpress\/ -->\n<title>Come prenotare un biglietto? - \u041f\u0430\u0441\u0430\u0436\u0438\u0440\u0441\u044c\u043a\u0456 \u043f\u0435\u0440\u0435\u0432\u0435\u0437\u0435\u043d\u043d\u044f<\/title>\n<meta name=\"robots\" content=\"index, follow, max-snippet:-1, max-image-preview:large, max-video-preview:-1\" \/>\n<link rel=\"canonical\" href=\"https:\/\/atpsova.com\/ru\/yak-zabronyuvati-kvitok\/\" \/>\n<meta property=\"og:locale\" content=\"it_IT\" \/>\n<meta property=\"og:type\" content=\"article\" \/>\n<meta property=\"og:title\" content=\"Come prenotare un biglietto? - \u041f\u0430\u0441\u0430\u0436\u0438\u0440\u0441\u044c\u043a\u0456 \u043f\u0435\u0440\u0435\u0432\u0435\u0437\u0435\u043d\u043d\u044f\" \/>\n<meta property=\"og:description\" content=\"I biglietti elettronici vengono prenotati sia in modo tradizionale (tramite operatori e sistemi informatici di prenotazione) sia autonomamente dai passeggeri attraverso i siti web delle societ\u00e0 o agenzie di trasporto. Il pagamento del biglietto pu\u00f2 essere effettuato anche sia in modalit\u00e0 tradizionale (cassa) che con mezzi elettronici. Quando effettui una prenotazione, puoi vedere se \u00e8 [&hellip;]\" \/>\n<meta property=\"og:url\" content=\"https:\/\/atpsova.com\/ru\/yak-zabronyuvati-kvitok\/\" \/>\n<meta property=\"og:site_name\" content=\"\u041f\u0430\u0441\u0430\u0436\u0438\u0440\u0441\u044c\u043a\u0456 \u043f\u0435\u0440\u0435\u0432\u0435\u0437\u0435\u043d\u043d\u044f\" \/>\n<meta name=\"twitter:card\" content=\"summary_large_image\" \/>\n<script type=\"application\/ld+json\" class=\"yoast-schema-graph\">{\"@context\":\"https:\\\/\\\/schema.org\",\"@graph\":[{\"@type\":\"WebPage\",\"@id\":\"https:\\\/\\\/atpsova.com\\\/ru\\\/yak-zabronyuvati-kvitok\\\/\",\"url\":\"https:\\\/\\\/atpsova.com\\\/ru\\\/yak-zabronyuvati-kvitok\\\/\",\"name\":\"Come prenotare un biglietto? - \u041f\u0430\u0441\u0430\u0436\u0438\u0440\u0441\u044c\u043a\u0456 \u043f\u0435\u0440\u0435\u0432\u0435\u0437\u0435\u043d\u043d\u044f\",\"isPartOf\":{\"@id\":\"https:\\\/\\\/atpsova.com\\\/#website\"},\"datePublished\":\"2020-08-10T10:11:30+00:00\",\"breadcrumb\":{\"@id\":\"https:\\\/\\\/atpsova.com\\\/ru\\\/yak-zabronyuvati-kvitok\\\/#breadcrumb\"},\"inLanguage\":\"it-IT\",\"potentialAction\":[{\"@type\":\"ReadAction\",\"target\":[\"https:\\\/\\\/atpsova.com\\\/ru\\\/yak-zabronyuvati-kvitok\\\/\"]}]},{\"@type\":\"BreadcrumbList\",\"@id\":\"https:\\\/\\\/atpsova.com\\\/ru\\\/yak-zabronyuvati-kvitok\\\/#breadcrumb\",\"itemListElement\":[{\"@type\":\"ListItem\",\"position\":1,\"name\":\"\u0413\u043e\u043b\u043e\u0432\u043d\u0430 \u0421\u0442\u043e\u0440\u0456\u043d\u043a\u0430\",\"item\":\"https:\\\/\\\/atpsova.com\\\/\"},{\"@type\":\"ListItem\",\"position\":2,\"name\":\"\u041a\u0430\u043a \u0437\u0430\u0431\u0440\u043e\u043d\u0438\u0440\u043e\u0432\u0430\u0442\u044c \u0431\u0438\u043b\u0435\u0442?\"}]},{\"@type\":\"WebSite\",\"@id\":\"https:\\\/\\\/atpsova.com\\\/#website\",\"url\":\"https:\\\/\\\/atpsova.com\\\/\",\"name\":\"\u041f\u0430\u0441\u0430\u0436\u0438\u0440\u0441\u044c\u043a\u0456 \u043f\u0435\u0440\u0435\u0432\u0435\u0437\u0435\u043d\u043d\u044f\",\"description\":\"\u043a\u0443\u043f\u0438\u0442\u0438 \u043a\u0432\u0438\u0442\u043a\u0438\",\"publisher\":{\"@id\":\"https:\\\/\\\/atpsova.com\\\/#organization\"},\"potentialAction\":[{\"@type\":\"SearchAction\",\"target\":{\"@type\":\"EntryPoint\",\"urlTemplate\":\"https:\\\/\\\/atpsova.com\\\/?s={search_term_string}\"},\"query-input\":{\"@type\":\"PropertyValueSpecification\",\"valueRequired\":true,\"valueName\":\"search_term_string\"}}],\"inLanguage\":\"it-IT\"},{\"@type\":\"Organization\",\"@id\":\"https:\\\/\\\/atpsova.com\\\/#organization\",\"name\":\"\u041f\u0430\u0441\u0430\u0436\u0438\u0440\u0441\u044c\u043a\u0456 \u043f\u0435\u0440\u0435\u0432\u0435\u0437\u0435\u043d\u043d\u044f\",\"url\":\"https:\\\/\\\/atpsova.com\\\/\",\"logo\":{\"@type\":\"ImageObject\",\"inLanguage\":\"it-IT\",\"@id\":\"https:\\\/\\\/atpsova.com\\\/#\\\/schema\\\/logo\\\/image\\\/\",\"url\":\"https:\\\/\\\/atpsova.com\\\/wp-content\\\/uploads\\\/2020\\\/07\\\/logo-2.svg\",\"contentUrl\":\"https:\\\/\\\/atpsova.com\\\/wp-content\\\/uploads\\\/2020\\\/07\\\/logo-2.svg\",\"width\":98,\"height\":32,\"caption\":\"\u041f\u0430\u0441\u0430\u0436\u0438\u0440\u0441\u044c\u043a\u0456 \u043f\u0435\u0440\u0435\u0432\u0435\u0437\u0435\u043d\u043d\u044f\"},\"image\":{\"@id\":\"https:\\\/\\\/atpsova.com\\\/#\\\/schema\\\/logo\\\/image\\\/\"}}]}<\/script>\n<!-- \/ Yoast SEO plugin. -->","yoast_head_json":{"title":"Come prenotare un biglietto? - \u041f\u0430\u0441\u0430\u0436\u0438\u0440\u0441\u044c\u043a\u0456 \u043f\u0435\u0440\u0435\u0432\u0435\u0437\u0435\u043d\u043d\u044f","robots":{"index":"index","follow":"follow","max-snippet":"max-snippet:-1","max-image-preview":"max-image-preview:large","max-video-preview":"max-video-preview:-1"},"canonical":"https:\/\/atpsova.com\/ru\/yak-zabronyuvati-kvitok\/","og_locale":"it_IT","og_type":"article","og_title":"Come prenotare un biglietto? - \u041f\u0430\u0441\u0430\u0436\u0438\u0440\u0441\u044c\u043a\u0456 \u043f\u0435\u0440\u0435\u0432\u0435\u0437\u0435\u043d\u043d\u044f","og_description":"I biglietti elettronici vengono prenotati sia in modo tradizionale (tramite operatori e sistemi informatici di prenotazione) sia autonomamente dai passeggeri attraverso i siti web delle societ\u00e0 o agenzie di trasporto. Il pagamento del biglietto pu\u00f2 essere effettuato anche sia in modalit\u00e0 tradizionale (cassa) che con mezzi elettronici. Quando effettui una prenotazione, puoi vedere se \u00e8 [&hellip;]","og_url":"https:\/\/atpsova.com\/ru\/yak-zabronyuvati-kvitok\/","og_site_name":"\u041f\u0430\u0441\u0430\u0436\u0438\u0440\u0441\u044c\u043a\u0456 \u043f\u0435\u0440\u0435\u0432\u0435\u0437\u0435\u043d\u043d\u044f","twitter_card":"summary_large_image","schema":{"@context":"https:\/\/schema.org","@graph":[{"@type":"WebPage","@id":"https:\/\/atpsova.com\/ru\/yak-zabronyuvati-kvitok\/","url":"https:\/\/atpsova.com\/ru\/yak-zabronyuvati-kvitok\/","name":"Come prenotare un biglietto? - \u041f\u0430\u0441\u0430\u0436\u0438\u0440\u0441\u044c\u043a\u0456 \u043f\u0435\u0440\u0435\u0432\u0435\u0437\u0435\u043d\u043d\u044f","isPartOf":{"@id":"https:\/\/atpsova.com\/#website"},"datePublished":"2020-08-10T10:11:30+00:00","breadcrumb":{"@id":"https:\/\/atpsova.com\/ru\/yak-zabronyuvati-kvitok\/#breadcrumb"},"inLanguage":"it-IT","potentialAction":[{"@type":"ReadAction","target":["https:\/\/atpsova.com\/ru\/yak-zabronyuvati-kvitok\/"]}]},{"@type":"BreadcrumbList","@id":"https:\/\/atpsova.com\/ru\/yak-zabronyuvati-kvitok\/#breadcrumb","itemListElement":[{"@type":"ListItem","position":1,"name":"\u0413\u043e\u043b\u043e\u0432\u043d\u0430 \u0421\u0442\u043e\u0440\u0456\u043d\u043a\u0430","item":"https:\/\/atpsova.com\/"},{"@type":"ListItem","position":2,"name":"\u041a\u0430\u043a \u0437\u0430\u0431\u0440\u043e\u043d\u0438\u0440\u043e\u0432\u0430\u0442\u044c \u0431\u0438\u043b\u0435\u0442?"}]},{"@type":"WebSite","@id":"https:\/\/atpsova.com\/#website","url":"https:\/\/atpsova.com\/","name":"\u041f\u0430\u0441\u0430\u0436\u0438\u0440\u0441\u044c\u043a\u0456 \u043f\u0435\u0440\u0435\u0432\u0435\u0437\u0435\u043d\u043d\u044f","description":"\u043a\u0443\u043f\u0438\u0442\u0438 \u043a\u0432\u0438\u0442\u043a\u0438","publisher":{"@id":"https:\/\/atpsova.com\/#organization"},"potentialAction":[{"@type":"SearchAction","target":{"@type":"EntryPoint","urlTemplate":"https:\/\/atpsova.com\/?s={search_term_string}"},"query-input":{"@type":"PropertyValueSpecification","valueRequired":true,"valueName":"search_term_string"}}],"inLanguage":"it-IT"},{"@type":"Organization","@id":"https:\/\/atpsova.com\/#organization","name":"\u041f\u0430\u0441\u0430\u0436\u0438\u0440\u0441\u044c\u043a\u0456 \u043f\u0435\u0440\u0435\u0432\u0435\u0437\u0435\u043d\u043d\u044f","url":"https:\/\/atpsova.com\/","logo":{"@type":"ImageObject","inLanguage":"it-IT","@id":"https:\/\/atpsova.com\/#\/schema\/logo\/image\/","url":"https:\/\/atpsova.com\/wp-content\/uploads\/2020\/07\/logo-2.svg","contentUrl":"https:\/\/atpsova.com\/wp-content\/uploads\/2020\/07\/logo-2.svg","width":98,"height":32,"caption":"\u041f\u0430\u0441\u0430\u0436\u0438\u0440\u0441\u044c\u043a\u0456 \u043f\u0435\u0440\u0435\u0432\u0435\u0437\u0435\u043d\u043d\u044f"},"image":{"@id":"https:\/\/atpsova.com\/#\/schema\/logo\/image\/"}}]}},"_links":{"self":[{"href":"https:\/\/atpsova.com\/it\/wp-json\/wp\/v2\/pages\/337","targetHints":{"allow":["GET"]}}],"collection":[{"href":"https:\/\/atpsova.com\/it\/wp-json\/wp\/v2\/pages"}],"about":[{"href":"https:\/\/atpsova.com\/it\/wp-json\/wp\/v2\/types\/page"}],"author":[{"embeddable":true,"href":"https:\/\/atpsova.com\/it\/wp-json\/wp\/v2\/users\/1"}],"replies":[{"embeddable":true,"href":"https:\/\/atpsova.com\/it\/wp-json\/wp\/v2\/comments?post=337"}],"version-history":[{"count":1,"href":"https:\/\/atpsova.com\/it\/wp-json\/wp\/v2\/pages\/337\/revisions"}],"predecessor-version":[{"id":338,"href":"https:\/\/atpsova.com\/it\/wp-json\/wp\/v2\/pages\/337\/revisions\/338"}],"wp:attachment":[{"href":"https:\/\/atpsova.com\/it\/wp-json\/wp\/v2\/media?parent=337"}],"curies":[{"name":"wp","href":"https:\/\/api.w.org\/{rel}","templated":true}]}}