{"id":27,"date":"2020-07-08T12:28:57","date_gmt":"2020-07-08T09:28:57","guid":{"rendered":"https:\/\/atpsova.com\/\/?page_id=27"},"modified":"2020-08-07T10:56:18","modified_gmt":"2020-08-07T07:56:18","slug":"pro-nas","status":"publish","type":"page","link":"https:\/\/atpsova.com\/it\/pro-nas\/","title":{"rendered":"Riguardo a noi"},"content":{"rendered":"<p><\/p>\n<p>[vc_row][vc_column width=&#8221;1\/2&#8243;][vc_single_image image=&#8221;176&#8243; img_size=&#8221;large&#8221; style=&#8221;vc_box_shadow_3d&#8221;][\/vc_column][vc_column width=&#8221;1\/2&#8243;][vc_column_text]Da pi\u00f9 di 10 anni effettuiamo trasporti internazionali di passeggeri. Durante questo periodo, abbiamo migliorato per garantire che il servizio clienti sia al miglior livello.<\/p>\n<p>Garantiamo: sicurezza, qualit\u00e0 e velocit\u00e0. Per ottenere ci\u00f2, molta attenzione viene posta al trasporto su cui vengono effettuati traffico passeggeri e personale.[\/vc_column_text]<ul class=\"vc__list-icons\"><li>\n\t\t\t\t<div class=\"vc__list-icons-img\"><img decoding=\"async\" src=\"https:\/\/atpsova.com\/wp-content\/uploads\/2020\/07\/box.svg\" alt=\"\"><\/div>\n\t\t\t\t<div class=\"vc__list-icons-info\">\n\t\t\t\t\t<h4>Confezione del prodotto<\/h4>\n\t\t\t\t\t<p>Prestiamo grande attenzione al confezionamento del prodotto. Perch\u00e9 dipender\u00e0 dalla sua sicurezza e integrit\u00e0 durante il trasporto.<\/p>\n\t\t\t\t<\/div>\n\t\t\t<\/li><li>\n\t\t\t\t<div class=\"vc__list-icons-img\"><img decoding=\"async\" src=\"https:\/\/atpsova.com\/wp-content\/uploads\/2020\/07\/freight.svg\" alt=\"\"><\/div>\n\t\t\t\t<div class=\"vc__list-icons-info\">\n\t\t\t\t\t<h4>Consegna<\/h4>\n\t\t\t\t\t<p>Grazie alla flotta ampliata, trasportiamo merci \/ passeggeri in Ucraina e all'estero.<\/p>\n\t\t\t\t<\/div>\n\t\t\t<\/li><li>\n\t\t\t\t<div class=\"vc__list-icons-img\"><img decoding=\"async\" src=\"https:\/\/atpsova.com\/wp-content\/uploads\/2020\/07\/parcel.svg\" alt=\"\"><\/div>\n\t\t\t\t<div class=\"vc__list-icons-info\">\n\t\t\t\t\t<h4>Protezione affidabile<\/h4>\n\t\t\t\t\t<p>Non puoi preoccuparti dell'integrit\u00e0 del tuo carico. Tutto \u00e8 assicurato e protetto.<\/p>\n\t\t\t\t<\/div>\n\t\t\t<\/li><\/ul>[\/vc_column][\/vc_row]<\/p>\n<p><\/p>","protected":false},"excerpt":{"rendered":"<p>[vc_row][vc_column width=&#8221;1\/2&#8243;][vc_single_image image=&#8221;176&#8243; img_size=&#8221;large&#8221; style=&#8221;vc_box_shadow_3d&#8221;][\/vc_column][vc_column width=&#8221;1\/2&#8243;][vc_column_text]Da pi\u00f9 di 10 anni effettuiamo trasporti internazionali di passeggeri. Durante questo periodo, abbiamo migliorato per garantire che il servizio clienti sia al miglior livello. Garantiamo: sicurezza, qualit\u00e0 e velocit\u00e0. Per ottenere ci\u00f2, molta attenzione viene posta al trasporto su cui vengono effettuati traffico passeggeri e personale.[\/vc_column_text][\/vc_column][\/vc_row]<\/p>\n","protected":false},"author":1,"featured_media":0,"parent":0,"menu_order":0,"comment_status":"closed","ping_status":"closed","template":"","meta":{"_acf_changed":false,"inline_featured_image":false,"footnotes":""},"class_list":["post-27","page","type-page","status-publish","hentry"],"acf":[],"yoast_head":"<!-- This site is optimized with the Yoast SEO plugin v27.5 - https:\/\/yoast.com\/product\/yoast-seo-wordpress\/ -->\n<title>Riguardo a noi - \u041f\u0430\u0441\u0430\u0436\u0438\u0440\u0441\u044c\u043a\u0456 \u043f\u0435\u0440\u0435\u0432\u0435\u0437\u0435\u043d\u043d\u044f<\/title>\n<meta name=\"robots\" content=\"index, follow, max-snippet:-1, max-image-preview:large, max-video-preview:-1\" \/>\n<link rel=\"canonical\" href=\"https:\/\/atpsova.com\/pro-nas\/\" \/>\n<meta property=\"og:locale\" content=\"it_IT\" \/>\n<meta property=\"og:type\" content=\"article\" \/>\n<meta property=\"og:title\" content=\"Riguardo a noi - \u041f\u0430\u0441\u0430\u0436\u0438\u0440\u0441\u044c\u043a\u0456 \u043f\u0435\u0440\u0435\u0432\u0435\u0437\u0435\u043d\u043d\u044f\" \/>\n<meta property=\"og:description\" content=\"[vc_row][vc_column width=&#8221;1\/2&#8243;][vc_single_image image=&#8221;176&#8243; img_size=&#8221;large&#8221; style=&#8221;vc_box_shadow_3d&#8221;][\/vc_column][vc_column width=&#8221;1\/2&#8243;][vc_column_text]Da pi\u00f9 di 10 anni effettuiamo trasporti internazionali di passeggeri. Durante questo periodo, abbiamo migliorato per garantire che il servizio clienti sia al miglior livello. Garantiamo: sicurezza, qualit\u00e0 e velocit\u00e0. Per ottenere ci\u00f2, molta attenzione viene posta al trasporto su cui vengono effettuati traffico passeggeri e personale.[\/vc_column_text][\/vc_column][\/vc_row]\" \/>\n<meta property=\"og:url\" content=\"https:\/\/atpsova.com\/pro-nas\/\" \/>\n<meta property=\"og:site_name\" content=\"\u041f\u0430\u0441\u0430\u0436\u0438\u0440\u0441\u044c\u043a\u0456 \u043f\u0435\u0440\u0435\u0432\u0435\u0437\u0435\u043d\u043d\u044f\" \/>\n<meta property=\"article:modified_time\" content=\"2020-08-07T07:56:18+00:00\" \/>\n<meta name=\"twitter:card\" content=\"summary_large_image\" \/>\n<meta name=\"twitter:label1\" content=\"Tempo di lettura stimato\" \/>\n\t<meta name=\"twitter:data1\" content=\"7 minuti\" \/>\n<script type=\"application\/ld+json\" class=\"yoast-schema-graph\">{\"@context\":\"https:\\\/\\\/schema.org\",\"@graph\":[{\"@type\":\"WebPage\",\"@id\":\"https:\\\/\\\/atpsova.com\\\/pro-nas\\\/\",\"url\":\"https:\\\/\\\/atpsova.com\\\/pro-nas\\\/\",\"name\":\"Riguardo a noi - \u041f\u0430\u0441\u0430\u0436\u0438\u0440\u0441\u044c\u043a\u0456 \u043f\u0435\u0440\u0435\u0432\u0435\u0437\u0435\u043d\u043d\u044f\",\"isPartOf\":{\"@id\":\"https:\\\/\\\/atpsova.com\\\/#website\"},\"datePublished\":\"2020-07-08T09:28:57+00:00\",\"dateModified\":\"2020-08-07T07:56:18+00:00\",\"breadcrumb\":{\"@id\":\"https:\\\/\\\/atpsova.com\\\/pro-nas\\\/#breadcrumb\"},\"inLanguage\":\"it-IT\",\"potentialAction\":[{\"@type\":\"ReadAction\",\"target\":[\"https:\\\/\\\/atpsova.com\\\/pro-nas\\\/\"]}]},{\"@type\":\"BreadcrumbList\",\"@id\":\"https:\\\/\\\/atpsova.com\\\/pro-nas\\\/#breadcrumb\",\"itemListElement\":[{\"@type\":\"ListItem\",\"position\":1,\"name\":\"\u0413\u043e\u043b\u043e\u0432\u043d\u0430 \u0421\u0442\u043e\u0440\u0456\u043d\u043a\u0430\",\"item\":\"https:\\\/\\\/atpsova.com\\\/\"},{\"@type\":\"ListItem\",\"position\":2,\"name\":\"\u041f\u0440\u043e \u043d\u0430\u0441\"}]},{\"@type\":\"WebSite\",\"@id\":\"https:\\\/\\\/atpsova.com\\\/#website\",\"url\":\"https:\\\/\\\/atpsova.com\\\/\",\"name\":\"\u041f\u0430\u0441\u0430\u0436\u0438\u0440\u0441\u044c\u043a\u0456 \u043f\u0435\u0440\u0435\u0432\u0435\u0437\u0435\u043d\u043d\u044f\",\"description\":\"\u043a\u0443\u043f\u0438\u0442\u0438 \u043a\u0432\u0438\u0442\u043a\u0438\",\"publisher\":{\"@id\":\"https:\\\/\\\/atpsova.com\\\/#organization\"},\"potentialAction\":[{\"@type\":\"SearchAction\",\"target\":{\"@type\":\"EntryPoint\",\"urlTemplate\":\"https:\\\/\\\/atpsova.com\\\/?s={search_term_string}\"},\"query-input\":{\"@type\":\"PropertyValueSpecification\",\"valueRequired\":true,\"valueName\":\"search_term_string\"}}],\"inLanguage\":\"it-IT\"},{\"@type\":\"Organization\",\"@id\":\"https:\\\/\\\/atpsova.com\\\/#organization\",\"name\":\"\u041f\u0430\u0441\u0430\u0436\u0438\u0440\u0441\u044c\u043a\u0456 \u043f\u0435\u0440\u0435\u0432\u0435\u0437\u0435\u043d\u043d\u044f\",\"url\":\"https:\\\/\\\/atpsova.com\\\/\",\"logo\":{\"@type\":\"ImageObject\",\"inLanguage\":\"it-IT\",\"@id\":\"https:\\\/\\\/atpsova.com\\\/#\\\/schema\\\/logo\\\/image\\\/\",\"url\":\"https:\\\/\\\/atpsova.com\\\/wp-content\\\/uploads\\\/2020\\\/07\\\/logo-2.svg\",\"contentUrl\":\"https:\\\/\\\/atpsova.com\\\/wp-content\\\/uploads\\\/2020\\\/07\\\/logo-2.svg\",\"width\":98,\"height\":32,\"caption\":\"\u041f\u0430\u0441\u0430\u0436\u0438\u0440\u0441\u044c\u043a\u0456 \u043f\u0435\u0440\u0435\u0432\u0435\u0437\u0435\u043d\u043d\u044f\"},\"image\":{\"@id\":\"https:\\\/\\\/atpsova.com\\\/#\\\/schema\\\/logo\\\/image\\\/\"}}]}<\/script>\n<!-- \/ Yoast SEO plugin. -->","yoast_head_json":{"title":"Riguardo a noi - \u041f\u0430\u0441\u0430\u0436\u0438\u0440\u0441\u044c\u043a\u0456 \u043f\u0435\u0440\u0435\u0432\u0435\u0437\u0435\u043d\u043d\u044f","robots":{"index":"index","follow":"follow","max-snippet":"max-snippet:-1","max-image-preview":"max-image-preview:large","max-video-preview":"max-video-preview:-1"},"canonical":"https:\/\/atpsova.com\/pro-nas\/","og_locale":"it_IT","og_type":"article","og_title":"Riguardo a noi - \u041f\u0430\u0441\u0430\u0436\u0438\u0440\u0441\u044c\u043a\u0456 \u043f\u0435\u0440\u0435\u0432\u0435\u0437\u0435\u043d\u043d\u044f","og_description":"[vc_row][vc_column width=&#8221;1\/2&#8243;][vc_single_image image=&#8221;176&#8243; img_size=&#8221;large&#8221; style=&#8221;vc_box_shadow_3d&#8221;][\/vc_column][vc_column width=&#8221;1\/2&#8243;][vc_column_text]Da pi\u00f9 di 10 anni effettuiamo trasporti internazionali di passeggeri. Durante questo periodo, abbiamo migliorato per garantire che il servizio clienti sia al miglior livello. Garantiamo: sicurezza, qualit\u00e0 e velocit\u00e0. Per ottenere ci\u00f2, molta attenzione viene posta al trasporto su cui vengono effettuati traffico passeggeri e personale.[\/vc_column_text][\/vc_column][\/vc_row]","og_url":"https:\/\/atpsova.com\/pro-nas\/","og_site_name":"\u041f\u0430\u0441\u0430\u0436\u0438\u0440\u0441\u044c\u043a\u0456 \u043f\u0435\u0440\u0435\u0432\u0435\u0437\u0435\u043d\u043d\u044f","article_modified_time":"2020-08-07T07:56:18+00:00","twitter_card":"summary_large_image","twitter_misc":{"Tempo di lettura stimato":"7 minuti"},"schema":{"@context":"https:\/\/schema.org","@graph":[{"@type":"WebPage","@id":"https:\/\/atpsova.com\/pro-nas\/","url":"https:\/\/atpsova.com\/pro-nas\/","name":"Riguardo a noi - \u041f\u0430\u0441\u0430\u0436\u0438\u0440\u0441\u044c\u043a\u0456 \u043f\u0435\u0440\u0435\u0432\u0435\u0437\u0435\u043d\u043d\u044f","isPartOf":{"@id":"https:\/\/atpsova.com\/#website"},"datePublished":"2020-07-08T09:28:57+00:00","dateModified":"2020-08-07T07:56:18+00:00","breadcrumb":{"@id":"https:\/\/atpsova.com\/pro-nas\/#breadcrumb"},"inLanguage":"it-IT","potentialAction":[{"@type":"ReadAction","target":["https:\/\/atpsova.com\/pro-nas\/"]}]},{"@type":"BreadcrumbList","@id":"https:\/\/atpsova.com\/pro-nas\/#breadcrumb","itemListElement":[{"@type":"ListItem","position":1,"name":"\u0413\u043e\u043b\u043e\u0432\u043d\u0430 \u0421\u0442\u043e\u0440\u0456\u043d\u043a\u0430","item":"https:\/\/atpsova.com\/"},{"@type":"ListItem","position":2,"name":"\u041f\u0440\u043e \u043d\u0430\u0441"}]},{"@type":"WebSite","@id":"https:\/\/atpsova.com\/#website","url":"https:\/\/atpsova.com\/","name":"\u041f\u0430\u0441\u0430\u0436\u0438\u0440\u0441\u044c\u043a\u0456 \u043f\u0435\u0440\u0435\u0432\u0435\u0437\u0435\u043d\u043d\u044f","description":"\u043a\u0443\u043f\u0438\u0442\u0438 \u043a\u0432\u0438\u0442\u043a\u0438","publisher":{"@id":"https:\/\/atpsova.com\/#organization"},"potentialAction":[{"@type":"SearchAction","target":{"@type":"EntryPoint","urlTemplate":"https:\/\/atpsova.com\/?s={search_term_string}"},"query-input":{"@type":"PropertyValueSpecification","valueRequired":true,"valueName":"search_term_string"}}],"inLanguage":"it-IT"},{"@type":"Organization","@id":"https:\/\/atpsova.com\/#organization","name":"\u041f\u0430\u0441\u0430\u0436\u0438\u0440\u0441\u044c\u043a\u0456 \u043f\u0435\u0440\u0435\u0432\u0435\u0437\u0435\u043d\u043d\u044f","url":"https:\/\/atpsova.com\/","logo":{"@type":"ImageObject","inLanguage":"it-IT","@id":"https:\/\/atpsova.com\/#\/schema\/logo\/image\/","url":"https:\/\/atpsova.com\/wp-content\/uploads\/2020\/07\/logo-2.svg","contentUrl":"https:\/\/atpsova.com\/wp-content\/uploads\/2020\/07\/logo-2.svg","width":98,"height":32,"caption":"\u041f\u0430\u0441\u0430\u0436\u0438\u0440\u0441\u044c\u043a\u0456 \u043f\u0435\u0440\u0435\u0432\u0435\u0437\u0435\u043d\u043d\u044f"},"image":{"@id":"https:\/\/atpsova.com\/#\/schema\/logo\/image\/"}}]}},"_links":{"self":[{"href":"https:\/\/atpsova.com\/it\/wp-json\/wp\/v2\/pages\/27","targetHints":{"allow":["GET"]}}],"collection":[{"href":"https:\/\/atpsova.com\/it\/wp-json\/wp\/v2\/pages"}],"about":[{"href":"https:\/\/atpsova.com\/it\/wp-json\/wp\/v2\/types\/page"}],"author":[{"embeddable":true,"href":"https:\/\/atpsova.com\/it\/wp-json\/wp\/v2\/users\/1"}],"replies":[{"embeddable":true,"href":"https:\/\/atpsova.com\/it\/wp-json\/wp\/v2\/comments?post=27"}],"version-history":[{"count":6,"href":"https:\/\/atpsova.com\/it\/wp-json\/wp\/v2\/pages\/27\/revisions"}],"predecessor-version":[{"id":321,"href":"https:\/\/atpsova.com\/it\/wp-json\/wp\/v2\/pages\/27\/revisions\/321"}],"wp:attachment":[{"href":"https:\/\/atpsova.com\/it\/wp-json\/wp\/v2\/media?parent=27"}],"curies":[{"name":"wp","href":"https:\/\/api.w.org\/{rel}","templated":true}]}}