{"id":16,"date":"2020-07-08T11:50:07","date_gmt":"2020-07-08T08:50:07","guid":{"rendered":"https:\/\/atpsova.com\/\/?page_id=16"},"modified":"2020-08-07T14:30:19","modified_gmt":"2020-08-07T11:30:19","slug":"faq","status":"publish","type":"page","link":"https:\/\/atpsova.com\/it\/faq\/","title":{"rendered":"Certificato"},"content":{"rendered":"<p>Per rendere il tuo viaggio piacevole e confortevole, devi prepararti in anticipo. Ti consigliamo di prestare attenzione alle seguenti informazioni che faciliteranno il tuo viaggio.<\/p>\n<p>Prima di pianificare il tuo viaggio, devi guardare le previsioni del tempo in Ucraina per i prossimi giorni.<\/p>\n<p>Per viaggiare in Ucraina dall&#8217;Italia, devi prima ottenere un visto. Ma per assicurarti di sapere a chi rivolgerti in situazioni impreviste, \u00e8 meglio avere con te gli indirizzi ei numeri di telefono di alcune autorit\u00e0.<\/p>\n<ul>\n<li>La differenza di tempo con Kiev \u00e8 di 1 ora.<\/li>\n<li>Codice dell&#8217;Ucraina +380<\/li>\n<\/ul>\n<p><strong>SERVIZI IMPORTANTI IN UCRAINA:<\/strong><\/p>\n<ul>\n<li><strong>Polizia<\/strong> &#8211; 110<\/li>\n<li><strong>Ambulanza, vigili del fuoco e ambulanza<\/strong> \u2013 112<\/li>\n<\/ul>\n<p><strong>CANCELLERIA DIPLOMATICA DELL&#8217;AMBASCIATA D&#8217;ITALIA A KIEV<\/strong><\/p>\n<ul>\n<li><strong>Indirizzo:<\/strong> Vul. Yaroslaviv Val 32 B 01901 KIEV\u00a0Contatti<\/li>\n<li><strong>tel<\/strong>\u00a0 + 38 044 2303100 \/ 1 \/ 2<\/li>\n<li><strong>fax<\/strong> + 38 044 2303103<\/li>\n<li><strong>e-mail:<\/strong> <a href=\"mailto:ambasciata.kiev@esteri.it\"><u>ambasciata.kiev@esteri.it<\/u><\/a><\/li>\n<\/ul>\n<p><strong>AMBASCIATORE<\/strong><\/p>\n<ul>\n<li>Davide La Cecilia<\/li>\n<\/ul>\n<p><strong>VICE CAPO MISSIONE<\/strong><\/p>\n<ul>\n<li>Cons.\u00a0Matteo Cristofaro<\/li>\n<\/ul>\n<p><strong>Contatti<\/strong><\/p>\n<ul>\n<li><strong>tel<\/strong> + 38 044 2303115\/104<\/li>\n<li><strong>fax<\/strong> + 38 044 2302877<\/li>\n<li><strong>e-mail<\/strong>:\u00a0<a href=\"mailto:segreteria.kiev@esteri.it\"><u>segreteria.kiev@esteri.it<\/u><\/a><\/li>\n<\/ul>\n<p><strong>Si ricorda che per i connazionali, in caso di grave necessit\u00e0 e solo per questioni\u00a0di effettiva\u00a0emergenza, \u00e8 attivo, al di fuori degli orari di apertura, il cellulare di emergenza al numero 0038 0 50 3102111\u00a0<\/strong><\/p>\n<p>Sar\u00e0 anche utile sapere dove si trova l&#8217;ambasciata o il consolato ucraino in Italia.<\/p>\n<p>&nbsp;<\/p>\n<p><strong>AMBASCIATA DELL&#8217;UCRAINA IN ITALIA<\/strong><\/p>\n<p><strong>Contatti:<\/strong><\/p>\n<ul>\n<li><strong>indirizzo:<\/strong> 00198, Roma, via Guido d\u2019Arezzo, 9. Sezione Consolare &#8211; via Monte Pramaggiore, 13<\/li>\n<li><strong>telefono:<\/strong> + 39-068-41-26-30<\/li>\n<li><strong>Fax:<\/strong> + 39-068-54-75-39, + 39 06 823706<\/li>\n<li><strong>e-mail:<\/strong> emb_it@mfa.gov.ua, gc_it@mfa.gov.ua<\/li>\n<li><strong>orari di apertura:<\/strong> dal luned\u00ec al venerd\u00ec dalle 09:00 alle 18:00<\/li>\n<\/ul>\n<p>&nbsp;<\/p>\n<p><strong>CONSOLATO DELL&#8217;UCRAINA IN ITALIA<\/strong><\/p>\n<p>&nbsp;<\/p>\n<p><strong>Sezione Consolare dell&#8217;Ambasciata dell&#8217;Ucraina in Italia<\/strong><\/p>\n<ul>\n<li><strong>indirizzo:<\/strong> Roma, via Monte Pramaggiore, 13<\/li>\n<li><strong>telefono:<\/strong> 06 82 00 36 41<\/li>\n<li><strong>Fax:<\/strong> 06 82 37 06<\/li>\n<li><strong>orario di ricevimento:<\/strong> luned\u00ec, marted\u00ec, gioved\u00ec, venerd\u00ec: ricevimento dei documenti 9.00 &#8211; 12.30,<\/li>\n<li><strong>emissione documenti:<\/strong> 13.30 &#8211; 17.30<\/li>\n<\/ul>\n<p>&nbsp;<\/p>\n<p><strong>Consolato Generale dell&#8217;Ucraina a Milano<\/strong><\/p>\n<ul>\n<li><strong>indirizzo:<\/strong> Milano, via Ludovico di Breme 11.<\/li>\n<li><strong>telefono:<\/strong> 02801333, 02869 95789, 02869 98814<\/li>\n<li><strong>Fax:<\/strong> 02869 84863<\/li>\n<li><strong>orario della reception:<\/strong> luned\u00ec 9.00-13.00, 14.00-16.00, Marted\u00ec 9.00-12.00, 12.00-13.00, Il mercoled\u00ec \u00e8 un giorno di non ricevimento, Gioved\u00ec 9.00-13.00, 14.00-16.00, Venerd\u00ec dalle 9:00 alle 13:00, dalle 14:00 alle 16:00<\/li>\n<\/ul>\n<p>&nbsp;<\/p>\n<p><strong>Consolato Generale dell&#8217;Ucraina a Napoli<\/strong><\/p>\n<ul>\n<li><strong>indirizzo:<\/strong> Napoli, Centro Direzionale, via G. Porzio, 4, isola B-3<\/li>\n<li><strong>telefono:<\/strong> 081 787 54 33<\/li>\n<li><strong>Fax:<\/strong> 081605 78 67<\/li>\n<li><strong>orario di ricevimento:<\/strong><\/li>\n<li><strong>Luned\u00ec:<\/strong> dalle 09:15 alle 13:00, dalle 15:00 alle 17:00<\/li>\n<li><strong>Marted\u00ec:<\/strong> dalle 09:15 alle 13:00<\/li>\n<li><strong>Gioved\u00ec<\/strong>: dalle 09:15 alle 13:00, dalle 15:00 alle 17:00<\/li>\n<li><strong>Venerd\u00ec:<\/strong> dalle 09:15 alle 13:00<\/li>\n<\/ul>\n<p><\/p>","protected":false},"excerpt":{"rendered":"<p>Per rendere il tuo viaggio piacevole e confortevole, devi prepararti in anticipo. Ti consigliamo di prestare attenzione alle seguenti informazioni che faciliteranno il tuo viaggio. Prima di pianificare il tuo viaggio, devi guardare le previsioni del tempo in Ucraina per i prossimi giorni. Per viaggiare in Ucraina dall&#8217;Italia, devi prima ottenere un visto. Ma per [&hellip;]<\/p>\n","protected":false},"author":1,"featured_media":0,"parent":0,"menu_order":0,"comment_status":"closed","ping_status":"closed","template":"","meta":{"_acf_changed":false,"inline_featured_image":false,"footnotes":""},"class_list":["post-16","page","type-page","status-publish","hentry"],"acf":[],"yoast_head":"<!-- This site is optimized with the Yoast SEO plugin v27.5 - https:\/\/yoast.com\/product\/yoast-seo-wordpress\/ -->\n<title>Certificato - \u041f\u0430\u0441\u0430\u0436\u0438\u0440\u0441\u044c\u043a\u0456 \u043f\u0435\u0440\u0435\u0432\u0435\u0437\u0435\u043d\u043d\u044f<\/title>\n<meta name=\"robots\" content=\"index, follow, max-snippet:-1, max-image-preview:large, max-video-preview:-1\" \/>\n<link rel=\"canonical\" href=\"https:\/\/atpsova.com\/faq\/\" \/>\n<meta property=\"og:locale\" content=\"it_IT\" \/>\n<meta property=\"og:type\" content=\"article\" \/>\n<meta property=\"og:title\" content=\"Certificato - \u041f\u0430\u0441\u0430\u0436\u0438\u0440\u0441\u044c\u043a\u0456 \u043f\u0435\u0440\u0435\u0432\u0435\u0437\u0435\u043d\u043d\u044f\" \/>\n<meta property=\"og:description\" content=\"Per rendere il tuo viaggio piacevole e confortevole, devi prepararti in anticipo. Ti consigliamo di prestare attenzione alle seguenti informazioni che faciliteranno il tuo viaggio. Prima di pianificare il tuo viaggio, devi guardare le previsioni del tempo in Ucraina per i prossimi giorni. Per viaggiare in Ucraina dall&#8217;Italia, devi prima ottenere un visto. Ma per [&hellip;]\" \/>\n<meta property=\"og:url\" content=\"https:\/\/atpsova.com\/faq\/\" \/>\n<meta property=\"og:site_name\" content=\"\u041f\u0430\u0441\u0430\u0436\u0438\u0440\u0441\u044c\u043a\u0456 \u043f\u0435\u0440\u0435\u0432\u0435\u0437\u0435\u043d\u043d\u044f\" \/>\n<meta property=\"article:modified_time\" content=\"2020-08-07T11:30:19+00:00\" \/>\n<meta name=\"twitter:card\" content=\"summary_large_image\" \/>\n<meta name=\"twitter:label1\" content=\"Tempo di lettura stimato\" \/>\n\t<meta name=\"twitter:data1\" content=\"3 minuti\" \/>\n<script type=\"application\/ld+json\" class=\"yoast-schema-graph\">{\"@context\":\"https:\\\/\\\/schema.org\",\"@graph\":[{\"@type\":\"WebPage\",\"@id\":\"https:\\\/\\\/atpsova.com\\\/faq\\\/\",\"url\":\"https:\\\/\\\/atpsova.com\\\/faq\\\/\",\"name\":\"Certificato - \u041f\u0430\u0441\u0430\u0436\u0438\u0440\u0441\u044c\u043a\u0456 \u043f\u0435\u0440\u0435\u0432\u0435\u0437\u0435\u043d\u043d\u044f\",\"isPartOf\":{\"@id\":\"https:\\\/\\\/atpsova.com\\\/#website\"},\"datePublished\":\"2020-07-08T08:50:07+00:00\",\"dateModified\":\"2020-08-07T11:30:19+00:00\",\"breadcrumb\":{\"@id\":\"https:\\\/\\\/atpsova.com\\\/faq\\\/#breadcrumb\"},\"inLanguage\":\"it-IT\",\"potentialAction\":[{\"@type\":\"ReadAction\",\"target\":[\"https:\\\/\\\/atpsova.com\\\/faq\\\/\"]}]},{\"@type\":\"BreadcrumbList\",\"@id\":\"https:\\\/\\\/atpsova.com\\\/faq\\\/#breadcrumb\",\"itemListElement\":[{\"@type\":\"ListItem\",\"position\":1,\"name\":\"\u0413\u043e\u043b\u043e\u0432\u043d\u0430 \u0421\u0442\u043e\u0440\u0456\u043d\u043a\u0430\",\"item\":\"https:\\\/\\\/atpsova.com\\\/\"},{\"@type\":\"ListItem\",\"position\":2,\"name\":\"\u0414\u043e\u0432\u0456\u0434\u043a\u0430\"}]},{\"@type\":\"WebSite\",\"@id\":\"https:\\\/\\\/atpsova.com\\\/#website\",\"url\":\"https:\\\/\\\/atpsova.com\\\/\",\"name\":\"\u041f\u0430\u0441\u0430\u0436\u0438\u0440\u0441\u044c\u043a\u0456 \u043f\u0435\u0440\u0435\u0432\u0435\u0437\u0435\u043d\u043d\u044f\",\"description\":\"\u043a\u0443\u043f\u0438\u0442\u0438 \u043a\u0432\u0438\u0442\u043a\u0438\",\"publisher\":{\"@id\":\"https:\\\/\\\/atpsova.com\\\/#organization\"},\"potentialAction\":[{\"@type\":\"SearchAction\",\"target\":{\"@type\":\"EntryPoint\",\"urlTemplate\":\"https:\\\/\\\/atpsova.com\\\/?s={search_term_string}\"},\"query-input\":{\"@type\":\"PropertyValueSpecification\",\"valueRequired\":true,\"valueName\":\"search_term_string\"}}],\"inLanguage\":\"it-IT\"},{\"@type\":\"Organization\",\"@id\":\"https:\\\/\\\/atpsova.com\\\/#organization\",\"name\":\"\u041f\u0430\u0441\u0430\u0436\u0438\u0440\u0441\u044c\u043a\u0456 \u043f\u0435\u0440\u0435\u0432\u0435\u0437\u0435\u043d\u043d\u044f\",\"url\":\"https:\\\/\\\/atpsova.com\\\/\",\"logo\":{\"@type\":\"ImageObject\",\"inLanguage\":\"it-IT\",\"@id\":\"https:\\\/\\\/atpsova.com\\\/#\\\/schema\\\/logo\\\/image\\\/\",\"url\":\"https:\\\/\\\/atpsova.com\\\/wp-content\\\/uploads\\\/2020\\\/07\\\/logo-2.svg\",\"contentUrl\":\"https:\\\/\\\/atpsova.com\\\/wp-content\\\/uploads\\\/2020\\\/07\\\/logo-2.svg\",\"width\":98,\"height\":32,\"caption\":\"\u041f\u0430\u0441\u0430\u0436\u0438\u0440\u0441\u044c\u043a\u0456 \u043f\u0435\u0440\u0435\u0432\u0435\u0437\u0435\u043d\u043d\u044f\"},\"image\":{\"@id\":\"https:\\\/\\\/atpsova.com\\\/#\\\/schema\\\/logo\\\/image\\\/\"}}]}<\/script>\n<!-- \/ Yoast SEO plugin. -->","yoast_head_json":{"title":"Certificato - \u041f\u0430\u0441\u0430\u0436\u0438\u0440\u0441\u044c\u043a\u0456 \u043f\u0435\u0440\u0435\u0432\u0435\u0437\u0435\u043d\u043d\u044f","robots":{"index":"index","follow":"follow","max-snippet":"max-snippet:-1","max-image-preview":"max-image-preview:large","max-video-preview":"max-video-preview:-1"},"canonical":"https:\/\/atpsova.com\/faq\/","og_locale":"it_IT","og_type":"article","og_title":"Certificato - \u041f\u0430\u0441\u0430\u0436\u0438\u0440\u0441\u044c\u043a\u0456 \u043f\u0435\u0440\u0435\u0432\u0435\u0437\u0435\u043d\u043d\u044f","og_description":"Per rendere il tuo viaggio piacevole e confortevole, devi prepararti in anticipo. Ti consigliamo di prestare attenzione alle seguenti informazioni che faciliteranno il tuo viaggio. Prima di pianificare il tuo viaggio, devi guardare le previsioni del tempo in Ucraina per i prossimi giorni. Per viaggiare in Ucraina dall&#8217;Italia, devi prima ottenere un visto. Ma per [&hellip;]","og_url":"https:\/\/atpsova.com\/faq\/","og_site_name":"\u041f\u0430\u0441\u0430\u0436\u0438\u0440\u0441\u044c\u043a\u0456 \u043f\u0435\u0440\u0435\u0432\u0435\u0437\u0435\u043d\u043d\u044f","article_modified_time":"2020-08-07T11:30:19+00:00","twitter_card":"summary_large_image","twitter_misc":{"Tempo di lettura stimato":"3 minuti"},"schema":{"@context":"https:\/\/schema.org","@graph":[{"@type":"WebPage","@id":"https:\/\/atpsova.com\/faq\/","url":"https:\/\/atpsova.com\/faq\/","name":"Certificato - \u041f\u0430\u0441\u0430\u0436\u0438\u0440\u0441\u044c\u043a\u0456 \u043f\u0435\u0440\u0435\u0432\u0435\u0437\u0435\u043d\u043d\u044f","isPartOf":{"@id":"https:\/\/atpsova.com\/#website"},"datePublished":"2020-07-08T08:50:07+00:00","dateModified":"2020-08-07T11:30:19+00:00","breadcrumb":{"@id":"https:\/\/atpsova.com\/faq\/#breadcrumb"},"inLanguage":"it-IT","potentialAction":[{"@type":"ReadAction","target":["https:\/\/atpsova.com\/faq\/"]}]},{"@type":"BreadcrumbList","@id":"https:\/\/atpsova.com\/faq\/#breadcrumb","itemListElement":[{"@type":"ListItem","position":1,"name":"\u0413\u043e\u043b\u043e\u0432\u043d\u0430 \u0421\u0442\u043e\u0440\u0456\u043d\u043a\u0430","item":"https:\/\/atpsova.com\/"},{"@type":"ListItem","position":2,"name":"\u0414\u043e\u0432\u0456\u0434\u043a\u0430"}]},{"@type":"WebSite","@id":"https:\/\/atpsova.com\/#website","url":"https:\/\/atpsova.com\/","name":"\u041f\u0430\u0441\u0430\u0436\u0438\u0440\u0441\u044c\u043a\u0456 \u043f\u0435\u0440\u0435\u0432\u0435\u0437\u0435\u043d\u043d\u044f","description":"\u043a\u0443\u043f\u0438\u0442\u0438 \u043a\u0432\u0438\u0442\u043a\u0438","publisher":{"@id":"https:\/\/atpsova.com\/#organization"},"potentialAction":[{"@type":"SearchAction","target":{"@type":"EntryPoint","urlTemplate":"https:\/\/atpsova.com\/?s={search_term_string}"},"query-input":{"@type":"PropertyValueSpecification","valueRequired":true,"valueName":"search_term_string"}}],"inLanguage":"it-IT"},{"@type":"Organization","@id":"https:\/\/atpsova.com\/#organization","name":"\u041f\u0430\u0441\u0430\u0436\u0438\u0440\u0441\u044c\u043a\u0456 \u043f\u0435\u0440\u0435\u0432\u0435\u0437\u0435\u043d\u043d\u044f","url":"https:\/\/atpsova.com\/","logo":{"@type":"ImageObject","inLanguage":"it-IT","@id":"https:\/\/atpsova.com\/#\/schema\/logo\/image\/","url":"https:\/\/atpsova.com\/wp-content\/uploads\/2020\/07\/logo-2.svg","contentUrl":"https:\/\/atpsova.com\/wp-content\/uploads\/2020\/07\/logo-2.svg","width":98,"height":32,"caption":"\u041f\u0430\u0441\u0430\u0436\u0438\u0440\u0441\u044c\u043a\u0456 \u043f\u0435\u0440\u0435\u0432\u0435\u0437\u0435\u043d\u043d\u044f"},"image":{"@id":"https:\/\/atpsova.com\/#\/schema\/logo\/image\/"}}]}},"_links":{"self":[{"href":"https:\/\/atpsova.com\/it\/wp-json\/wp\/v2\/pages\/16","targetHints":{"allow":["GET"]}}],"collection":[{"href":"https:\/\/atpsova.com\/it\/wp-json\/wp\/v2\/pages"}],"about":[{"href":"https:\/\/atpsova.com\/it\/wp-json\/wp\/v2\/types\/page"}],"author":[{"embeddable":true,"href":"https:\/\/atpsova.com\/it\/wp-json\/wp\/v2\/users\/1"}],"replies":[{"embeddable":true,"href":"https:\/\/atpsova.com\/it\/wp-json\/wp\/v2\/comments?post=16"}],"version-history":[{"count":6,"href":"https:\/\/atpsova.com\/it\/wp-json\/wp\/v2\/pages\/16\/revisions"}],"predecessor-version":[{"id":333,"href":"https:\/\/atpsova.com\/it\/wp-json\/wp\/v2\/pages\/16\/revisions\/333"}],"wp:attachment":[{"href":"https:\/\/atpsova.com\/it\/wp-json\/wp\/v2\/media?parent=16"}],"curies":[{"name":"wp","href":"https:\/\/api.w.org\/{rel}","templated":true}]}}